{"id":240,"date":"2022-11-27T10:11:22","date_gmt":"2022-11-27T10:11:22","guid":{"rendered":"https:\/\/ondoc.ch\/?page_id=240"},"modified":"2025-07-12T20:09:55","modified_gmt":"2025-07-12T19:09:55","slug":"impressum","status":"publish","type":"page","link":"https:\/\/ondoc.ch\/en\/impressum\/","title":{"rendered":"Imprint"},"content":{"rendered":"<div data-elementor-type=\"wp-page\" data-elementor-id=\"240\" class=\"elementor elementor-240\" data-elementor-post-type=\"page\">\n\t\t\t\t\t\t<section class=\"elementor-section elementor-top-section elementor-element elementor-element-de8710a elementor-section-boxed elementor-section-height-default elementor-section-height-default\" data-id=\"de8710a\" data-element_type=\"section\">\n\t\t\t\t\t\t<div class=\"elementor-container elementor-column-gap-default\">\n\t\t\t\t\t<div class=\"elementor-column elementor-col-100 elementor-top-column elementor-element elementor-element-0846911\" data-id=\"0846911\" data-element_type=\"column\" data-settings=\"{&quot;background_background&quot;:&quot;classic&quot;}\">\n\t\t\t<div class=\"elementor-widget-wrap elementor-element-populated\">\n\t\t\t\t\t\t<div class=\"elementor-element elementor-element-5a9176f elementor-widget elementor-widget-heading\" data-id=\"5a9176f\" data-element_type=\"widget\" data-widget_type=\"heading.default\">\n\t\t\t\t<div class=\"elementor-widget-container\">\n\t\t\t\t\t<h2 class=\"elementor-heading-title elementor-size-default\">Imprint<\/h2>\t\t\t\t<\/div>\n\t\t\t\t<\/div>\n\t\t\t\t<div class=\"elementor-element elementor-element-aed1e59 elementor-widget elementor-widget-heading\" data-id=\"aed1e59\" data-element_type=\"widget\" data-widget_type=\"heading.default\">\n\t\t\t\t<div class=\"elementor-widget-container\">\n\t\t\t\t\t<p class=\"elementor-heading-title elementor-size-default\"><b>OnDoc.ch \u2105 Dinnova AG<\/b> <br><br>\nDinnova AG<br>\nBahnhofplatz 1<br>\n8001 Z\u00fcrich<br>\nSwitzerland<br><br>\n\n<b>Phone:<\/b> <a href=\"tel:+41 44 310 50 00\">+41 44 310 50 00<\/a><br>\n\n<b>E-Mail: <\/b><a href=\"mailto:contact@dinnova.ch\">contact@dinnova.ch<\/a><br><br>\n\n<b>Managing Director:<\/b> Arber Bullakaj <br>\n<b>Register court:<\/b> Canton Zurich<br>\n<b>Registration No:<\/b> CHE-407.794.260<br><br>\n<b>Technical Information:<\/b>\nWe would like to point out that confidentiality cannot be guaranteed on the Internet. Each user is therefore solely responsible for adequately protecting his or her data and\/or software from any viruses that may be circulating on the Internet.<br><br>\n\n<b>Hyperlinks:<\/b>\nThe creation of a hyperlink on the website <a href=\"https:\/\/ondoc.ch\/en\/\" target=\"_blank\">https:\/\/ondoc.ch\/<\/a> is subject to the authorization of the publisher. The publisher accepts no liability whatsoever for hyperlinks set up on the <a href=\"https:\/\/ondoc.ch\/en\/\" target=\"_blank\">https:\/\/ondoc.ch\/<\/a>  website to other websites.<br><br>\n\n<b>Copyright<\/b>\nThe content on these pages created by the site operator is subject to Swiss copyright law. Duplication, processing, distribution, or any form of commercialization of such material beyond the scope of the copyright law shall require the prior written consent of its respective author or creator. Any reproduction or representation, in whole or in part, of the web pages, data or any part of the website <a href=\"https:\/\/ondoc.ch\/en\/\" target=\"_blank\">https:\/\/ondoc.ch\/<\/a>, by any process and on any medium whatsoever, is prohibited without the consent of the publisher and constitutes a forgery.<br><br>\n\n<b>Disclaimer<\/b>\nThe contents of our pages have been created with the utmost care. No guarantee can be given for the correctness, completeness, and topicality of the contents.<\/p>\t\t\t\t<\/div>\n\t\t\t\t<\/div>\n\t\t\t\t\t<\/div>\n\t\t<\/div>\n\t\t\t\t\t<\/div>\n\t\t<\/section>\n\t\t\t\t<\/div>","protected":false},"excerpt":{"rendered":"<p>Impressum OnDoc.ch \u2105 Dinnova AG Dinnova AG Bahnhofplatz 1 8001 Z\u00fcrich Schweiz Telefon: +41 44 310 50 00 E-Mail: contact@dinnova.ch Gesch\u00e4ftsf\u00fchrer: Arber Bullakaj Registergericht: Kanton Z\u00fcrich Registernummer: CHE-407.794.260 Technische Informationen: Wir weisen Sie darauf hin, dass die Vertraulichkeit im Internet nicht gew\u00e4hrleistet ist. Jeder Benutzer ist daher allein verantwortlich, seine Daten und\/oder Softwares vor eventuell [&hellip;]<\/p>","protected":false},"author":1,"featured_media":0,"parent":0,"menu_order":0,"comment_status":"closed","ping_status":"closed","template":"","meta":{"_acf_changed":false,"footnotes":""},"class_list":["post-240","page","type-page","status-publish","hentry"],"acf":[],"yoast_head":"<!-- This site is optimized with the Yoast SEO plugin v25.5 - https:\/\/yoast.com\/wordpress\/plugins\/seo\/ -->\n<title>Impressum - OnDoc<\/title>\n<meta name=\"robots\" content=\"index, follow, max-snippet:-1, max-image-preview:large, max-video-preview:-1\" \/>\n<link rel=\"canonical\" href=\"https:\/\/ondoc.ch\/en\/impressum\/\" \/>\n<meta property=\"og:locale\" content=\"en_GB\" \/>\n<meta property=\"og:type\" content=\"article\" \/>\n<meta property=\"og:title\" content=\"Impressum - OnDoc\" \/>\n<meta property=\"og:description\" content=\"Impressum OnDoc.ch \u2105 Dinnova AG Dinnova AG Bahnhofplatz 1 8001 Z\u00fcrich Schweiz Telefon: +41 44 310 50 00 E-Mail: contact@dinnova.ch Gesch\u00e4ftsf\u00fchrer: Arber Bullakaj Registergericht: Kanton Z\u00fcrich Registernummer: CHE-407.794.260 Technische Informationen: Wir weisen Sie darauf hin, dass die Vertraulichkeit im Internet nicht gew\u00e4hrleistet ist. Jeder Benutzer ist daher allein verantwortlich, seine Daten und\/oder Softwares vor eventuell [&hellip;]\" \/>\n<meta property=\"og:url\" content=\"https:\/\/ondoc.ch\/en\/impressum\/\" \/>\n<meta property=\"og:site_name\" content=\"OnDoc\" \/>\n<meta property=\"article:publisher\" content=\"https:\/\/www.facebook.com\/OnDoc-112176595044850\" \/>\n<meta property=\"article:modified_time\" content=\"2025-07-12T19:09:55+00:00\" \/>\n<meta name=\"twitter:card\" content=\"summary_large_image\" \/>\n<meta name=\"twitter:label1\" content=\"Estimated reading time\" \/>\n\t<meta name=\"twitter:data1\" content=\"1 minute\" \/>\n<script type=\"application\/ld+json\" class=\"yoast-schema-graph\">{\"@context\":\"https:\/\/schema.org\",\"@graph\":[{\"@type\":\"WebPage\",\"@id\":\"https:\/\/ondoc.ch\/impressum\/\",\"url\":\"https:\/\/ondoc.ch\/impressum\/\",\"name\":\"Impressum - OnDoc\",\"isPartOf\":{\"@id\":\"https:\/\/ondoc.ch\/#website\"},\"datePublished\":\"2022-11-27T10:11:22+00:00\",\"dateModified\":\"2025-07-12T19:09:55+00:00\",\"breadcrumb\":{\"@id\":\"https:\/\/ondoc.ch\/impressum\/#breadcrumb\"},\"inLanguage\":\"en-GB\",\"potentialAction\":[{\"@type\":\"ReadAction\",\"target\":[\"https:\/\/ondoc.ch\/impressum\/\"]}]},{\"@type\":\"BreadcrumbList\",\"@id\":\"https:\/\/ondoc.ch\/impressum\/#breadcrumb\",\"itemListElement\":[{\"@type\":\"ListItem\",\"position\":1,\"name\":\"Home\",\"item\":\"https:\/\/ondoc.ch\/\"},{\"@type\":\"ListItem\",\"position\":2,\"name\":\"Impressum\"}]},{\"@type\":\"WebSite\",\"@id\":\"https:\/\/ondoc.ch\/#website\",\"url\":\"https:\/\/ondoc.ch\/\",\"name\":\"OnDoc\",\"description\":\"\",\"publisher\":{\"@id\":\"https:\/\/ondoc.ch\/#organization\"},\"potentialAction\":[{\"@type\":\"SearchAction\",\"target\":{\"@type\":\"EntryPoint\",\"urlTemplate\":\"https:\/\/ondoc.ch\/?s={search_term_string}\"},\"query-input\":{\"@type\":\"PropertyValueSpecification\",\"valueRequired\":true,\"valueName\":\"search_term_string\"}}],\"inLanguage\":\"en-GB\"},{\"@type\":\"Organization\",\"@id\":\"https:\/\/ondoc.ch\/#organization\",\"name\":\"OnDoc\",\"url\":\"https:\/\/ondoc.ch\/\",\"logo\":{\"@type\":\"ImageObject\",\"inLanguage\":\"en-GB\",\"@id\":\"https:\/\/ondoc.ch\/#\/schema\/logo\/image\/\",\"url\":\"https:\/\/ondoc.ch\/wp-content\/uploads\/2022\/11\/Group-1.png\",\"contentUrl\":\"https:\/\/ondoc.ch\/wp-content\/uploads\/2022\/11\/Group-1.png\",\"width\":188,\"height\":56,\"caption\":\"OnDoc\"},\"image\":{\"@id\":\"https:\/\/ondoc.ch\/#\/schema\/logo\/image\/\"},\"sameAs\":[\"https:\/\/www.facebook.com\/OnDoc-112176595044850\",\"https:\/\/www.linkedin.com\/company\/89650617\/\",\"https:\/\/www.instagram.com\/ondoc.ch\/\"]}]}<\/script>\n<!-- \/ Yoast SEO plugin. -->","yoast_head_json":{"title":"Impressum - OnDoc","robots":{"index":"index","follow":"follow","max-snippet":"max-snippet:-1","max-image-preview":"max-image-preview:large","max-video-preview":"max-video-preview:-1"},"canonical":"https:\/\/ondoc.ch\/en\/impressum\/","og_locale":"en_GB","og_type":"article","og_title":"Impressum - OnDoc","og_description":"Impressum OnDoc.ch \u2105 Dinnova AG Dinnova AG Bahnhofplatz 1 8001 Z\u00fcrich Schweiz Telefon: +41 44 310 50 00 E-Mail: contact@dinnova.ch Gesch\u00e4ftsf\u00fchrer: Arber Bullakaj Registergericht: Kanton Z\u00fcrich Registernummer: CHE-407.794.260 Technische Informationen: Wir weisen Sie darauf hin, dass die Vertraulichkeit im Internet nicht gew\u00e4hrleistet ist. Jeder Benutzer ist daher allein verantwortlich, seine Daten und\/oder Softwares vor eventuell [&hellip;]","og_url":"https:\/\/ondoc.ch\/en\/impressum\/","og_site_name":"OnDoc","article_publisher":"https:\/\/www.facebook.com\/OnDoc-112176595044850","article_modified_time":"2025-07-12T19:09:55+00:00","twitter_card":"summary_large_image","twitter_misc":{"Estimated reading time":"1 minute"},"schema":{"@context":"https:\/\/schema.org","@graph":[{"@type":"WebPage","@id":"https:\/\/ondoc.ch\/impressum\/","url":"https:\/\/ondoc.ch\/impressum\/","name":"Impressum - OnDoc","isPartOf":{"@id":"https:\/\/ondoc.ch\/#website"},"datePublished":"2022-11-27T10:11:22+00:00","dateModified":"2025-07-12T19:09:55+00:00","breadcrumb":{"@id":"https:\/\/ondoc.ch\/impressum\/#breadcrumb"},"inLanguage":"en-GB","potentialAction":[{"@type":"ReadAction","target":["https:\/\/ondoc.ch\/impressum\/"]}]},{"@type":"BreadcrumbList","@id":"https:\/\/ondoc.ch\/impressum\/#breadcrumb","itemListElement":[{"@type":"ListItem","position":1,"name":"Home","item":"https:\/\/ondoc.ch\/"},{"@type":"ListItem","position":2,"name":"Impressum"}]},{"@type":"WebSite","@id":"https:\/\/ondoc.ch\/#website","url":"https:\/\/ondoc.ch\/","name":"OnDoc","description":"","publisher":{"@id":"https:\/\/ondoc.ch\/#organization"},"potentialAction":[{"@type":"SearchAction","target":{"@type":"EntryPoint","urlTemplate":"https:\/\/ondoc.ch\/?s={search_term_string}"},"query-input":{"@type":"PropertyValueSpecification","valueRequired":true,"valueName":"search_term_string"}}],"inLanguage":"en-GB"},{"@type":"Organization","@id":"https:\/\/ondoc.ch\/#organization","name":"OnDoc","url":"https:\/\/ondoc.ch\/","logo":{"@type":"ImageObject","inLanguage":"en-GB","@id":"https:\/\/ondoc.ch\/#\/schema\/logo\/image\/","url":"https:\/\/ondoc.ch\/wp-content\/uploads\/2022\/11\/Group-1.png","contentUrl":"https:\/\/ondoc.ch\/wp-content\/uploads\/2022\/11\/Group-1.png","width":188,"height":56,"caption":"OnDoc"},"image":{"@id":"https:\/\/ondoc.ch\/#\/schema\/logo\/image\/"},"sameAs":["https:\/\/www.facebook.com\/OnDoc-112176595044850","https:\/\/www.linkedin.com\/company\/89650617\/","https:\/\/www.instagram.com\/ondoc.ch\/"]}]}},"_links":{"self":[{"href":"https:\/\/ondoc.ch\/en\/wp-json\/wp\/v2\/pages\/240","targetHints":{"allow":["GET"]}}],"collection":[{"href":"https:\/\/ondoc.ch\/en\/wp-json\/wp\/v2\/pages"}],"about":[{"href":"https:\/\/ondoc.ch\/en\/wp-json\/wp\/v2\/types\/page"}],"author":[{"embeddable":true,"href":"https:\/\/ondoc.ch\/en\/wp-json\/wp\/v2\/users\/1"}],"replies":[{"embeddable":true,"href":"https:\/\/ondoc.ch\/en\/wp-json\/wp\/v2\/comments?post=240"}],"version-history":[{"count":32,"href":"https:\/\/ondoc.ch\/en\/wp-json\/wp\/v2\/pages\/240\/revisions"}],"predecessor-version":[{"id":1807,"href":"https:\/\/ondoc.ch\/en\/wp-json\/wp\/v2\/pages\/240\/revisions\/1807"}],"wp:attachment":[{"href":"https:\/\/ondoc.ch\/en\/wp-json\/wp\/v2\/media?parent=240"}],"curies":[{"name":"wp","href":"https:\/\/api.w.org\/{rel}","templated":true}]}}