{"id":240,"date":"2022-11-27T10:11:22","date_gmt":"2022-11-27T10:11:22","guid":{"rendered":"https:\/\/ondoc.ch\/?page_id=240"},"modified":"2025-07-12T20:09:55","modified_gmt":"2025-07-12T19:09:55","slug":"impressum","status":"publish","type":"page","link":"https:\/\/ondoc.ch\/fr\/impressum\/","title":{"rendered":"Impression"},"content":{"rendered":"<div data-elementor-type=\"wp-page\" data-elementor-id=\"240\" class=\"elementor elementor-240\" data-elementor-post-type=\"page\">\n\t\t\t\t\t\t<section class=\"elementor-section elementor-top-section elementor-element elementor-element-de8710a elementor-section-boxed elementor-section-height-default elementor-section-height-default\" data-id=\"de8710a\" data-element_type=\"section\">\n\t\t\t\t\t\t<div class=\"elementor-container elementor-column-gap-default\">\n\t\t\t\t\t<div class=\"elementor-column elementor-col-100 elementor-top-column elementor-element elementor-element-0846911\" data-id=\"0846911\" data-element_type=\"column\" data-settings=\"{&quot;background_background&quot;:&quot;classic&quot;}\">\n\t\t\t<div class=\"elementor-widget-wrap elementor-element-populated\">\n\t\t\t\t\t\t<div class=\"elementor-element elementor-element-5a9176f elementor-widget elementor-widget-heading\" data-id=\"5a9176f\" data-element_type=\"widget\" data-widget_type=\"heading.default\">\n\t\t\t\t<div class=\"elementor-widget-container\">\n\t\t\t\t\t<h2 class=\"elementor-heading-title elementor-size-default\">Impression<\/h2>\t\t\t\t<\/div>\n\t\t\t\t<\/div>\n\t\t\t\t<div class=\"elementor-element elementor-element-aed1e59 elementor-widget elementor-widget-heading\" data-id=\"aed1e59\" data-element_type=\"widget\" data-widget_type=\"heading.default\">\n\t\t\t\t<div class=\"elementor-widget-container\">\n\t\t\t\t\t<p class=\"elementor-heading-title elementor-size-default\"><b>OnDoc.ch \u2105 Dinnova AG<\/b> <br><br>\nDinnova AG<br>\nBahnhofplatz 1<br>\n8001 Z\u00fcrich<br>\nSchweiz<br><br>\n\n<b>Telefon:<\/b> <a href=\"tel:+41 44 310 50 00\">+41 44 310 50 00<\/a><br>\n\n<b>E-Mail: <\/b><a href=\"mailto:contact@dinnova.ch\">contact@dinnova.ch<\/a><br><br>\n\n<b>Gesch\u00e4ftsf\u00fchrer:<\/b> Arber Bullakaj <br>\n<b>Registergericht:<\/b> Kanton Z\u00fcrich<br>\n<b>Registernummer:<\/b> CHE-407.794.260<br><br>\n<b>Technische Informationen:<\/b>\nWir weisen Sie darauf hin, dass die Vertraulichkeit im Internet nicht gew\u00e4hrleistet ist. Jeder Benutzer ist daher allein verantwortlich, seine Daten und\/oder Softwares vor eventuell im Internet zirkulierenden Viren angemessen zu sch\u00fctzen.<br><br>\n\n<b>Hyperlinks:<\/b>\nDie Einrichtung eines Hyperlinks auf der Website <a href=\"https:\/\/ondoc.ch\/fr\/\" target=\"_blank\">https:\/\/ondoc.ch\/<\/a> unterliegt der Genehmigung des Herausgebers. Der Herausgeber \u00fcbernimmt keinerlei Haftung f\u00fcr auf der Website <a href=\"https:\/\/ondoc.ch\/fr\/\" target=\"_blank\">https:\/\/ondoc.ch\/<\/a>  eingerichteten Hyperlinks zu anderen Websites.<br><br>\n\n<b>Urheberrechte:<\/b>\nDie durch die Seitenbetreiber erstellten Inhalte auf diesen Seiten unterliegen dem Schweizer Urheberrecht. Die Vervielf\u00e4ltigung, Bearbeitung, Verbreitung und jede Art der Verwertung au\u00dferhalb der Grenzen des Urheberrechtes bed\u00fcrfen der schriftlichen Zustimmung des Rechtsinhabers bzw. des Erstellers. Jede vollst\u00e4ndige oder teilweise Reproduktion oder Darstellung der Webseiten, Daten oder eines Bestandteils der Website <a href=\"https:\/\/ondoc.ch\/fr\/\" target=\"_blank\">https:\/\/ondoc.ch\/<\/a>, in welchem Verfahren und auf welchem Datentr\u00e4ger auch immer, ist ohne Zustimmung des Herausgebers untersagt und bedeutet eine F\u00e4lschung.<br><br>\n\n<b>Haftungsausschluss:<\/b>\nDie Inhalte unserer Seiten wurden mit gr\u00f6sster Sorgfalt erstellt. F\u00fcr die Richtigkeit, Vollst\u00e4ndigkeit und Aktualit\u00e4t der Inhalte kann keine Gew\u00e4hr \u00fcbernommen werden.<\/p>\t\t\t\t<\/div>\n\t\t\t\t<\/div>\n\t\t\t\t\t<\/div>\n\t\t<\/div>\n\t\t\t\t\t<\/div>\n\t\t<\/section>\n\t\t\t\t<\/div>","protected":false},"excerpt":{"rendered":"<p>Impressum OnDoc.ch \u2105 Dinnova AG Dinnova AG Bahnhofplatz 1 8001 Z\u00fcrich Schweiz Telefon: +41 44 310 50 00 E-Mail: contact@dinnova.ch Gesch\u00e4ftsf\u00fchrer: Arber Bullakaj Registergericht: Kanton Z\u00fcrich Registernummer: CHE-407.794.260 Technische Informationen: Wir weisen Sie darauf hin, dass die Vertraulichkeit im Internet nicht gew\u00e4hrleistet ist. Jeder Benutzer ist daher allein verantwortlich, seine Daten und\/oder Softwares vor eventuell [&hellip;]<\/p>","protected":false},"author":1,"featured_media":0,"parent":0,"menu_order":0,"comment_status":"closed","ping_status":"closed","template":"","meta":{"_acf_changed":false,"footnotes":""},"class_list":["post-240","page","type-page","status-publish","hentry"],"acf":[],"yoast_head":"<!-- This site is optimized with the Yoast SEO plugin v25.5 - https:\/\/yoast.com\/wordpress\/plugins\/seo\/ -->\n<title>Impressum - OnDoc<\/title>\n<meta name=\"robots\" content=\"index, follow, max-snippet:-1, max-image-preview:large, max-video-preview:-1\" \/>\n<link rel=\"canonical\" href=\"https:\/\/ondoc.ch\/fr\/impressum\/\" \/>\n<meta property=\"og:locale\" content=\"fr_FR\" \/>\n<meta property=\"og:type\" content=\"article\" \/>\n<meta property=\"og:title\" content=\"Impressum - OnDoc\" \/>\n<meta property=\"og:description\" content=\"Impressum OnDoc.ch \u2105 Dinnova AG Dinnova AG Bahnhofplatz 1 8001 Z\u00fcrich Schweiz Telefon: +41 44 310 50 00 E-Mail: contact@dinnova.ch Gesch\u00e4ftsf\u00fchrer: Arber Bullakaj Registergericht: Kanton Z\u00fcrich Registernummer: CHE-407.794.260 Technische Informationen: Wir weisen Sie darauf hin, dass die Vertraulichkeit im Internet nicht gew\u00e4hrleistet ist. Jeder Benutzer ist daher allein verantwortlich, seine Daten und\/oder Softwares vor eventuell [&hellip;]\" \/>\n<meta property=\"og:url\" content=\"https:\/\/ondoc.ch\/fr\/impressum\/\" \/>\n<meta property=\"og:site_name\" content=\"OnDoc\" \/>\n<meta property=\"article:publisher\" content=\"https:\/\/www.facebook.com\/OnDoc-112176595044850\" \/>\n<meta property=\"article:modified_time\" content=\"2025-07-12T19:09:55+00:00\" \/>\n<meta name=\"twitter:card\" content=\"summary_large_image\" \/>\n<meta name=\"twitter:label1\" content=\"Dur\u00e9e de lecture estim\u00e9e\" \/>\n\t<meta name=\"twitter:data1\" content=\"1 minute\" \/>\n<script type=\"application\/ld+json\" class=\"yoast-schema-graph\">{\"@context\":\"https:\/\/schema.org\",\"@graph\":[{\"@type\":\"WebPage\",\"@id\":\"https:\/\/ondoc.ch\/impressum\/\",\"url\":\"https:\/\/ondoc.ch\/impressum\/\",\"name\":\"Impressum - OnDoc\",\"isPartOf\":{\"@id\":\"https:\/\/ondoc.ch\/#website\"},\"datePublished\":\"2022-11-27T10:11:22+00:00\",\"dateModified\":\"2025-07-12T19:09:55+00:00\",\"breadcrumb\":{\"@id\":\"https:\/\/ondoc.ch\/impressum\/#breadcrumb\"},\"inLanguage\":\"fr-FR\",\"potentialAction\":[{\"@type\":\"ReadAction\",\"target\":[\"https:\/\/ondoc.ch\/impressum\/\"]}]},{\"@type\":\"BreadcrumbList\",\"@id\":\"https:\/\/ondoc.ch\/impressum\/#breadcrumb\",\"itemListElement\":[{\"@type\":\"ListItem\",\"position\":1,\"name\":\"Home\",\"item\":\"https:\/\/ondoc.ch\/\"},{\"@type\":\"ListItem\",\"position\":2,\"name\":\"Impressum\"}]},{\"@type\":\"WebSite\",\"@id\":\"https:\/\/ondoc.ch\/#website\",\"url\":\"https:\/\/ondoc.ch\/\",\"name\":\"OnDoc\",\"description\":\"\",\"publisher\":{\"@id\":\"https:\/\/ondoc.ch\/#organization\"},\"potentialAction\":[{\"@type\":\"SearchAction\",\"target\":{\"@type\":\"EntryPoint\",\"urlTemplate\":\"https:\/\/ondoc.ch\/?s={search_term_string}\"},\"query-input\":{\"@type\":\"PropertyValueSpecification\",\"valueRequired\":true,\"valueName\":\"search_term_string\"}}],\"inLanguage\":\"fr-FR\"},{\"@type\":\"Organization\",\"@id\":\"https:\/\/ondoc.ch\/#organization\",\"name\":\"OnDoc\",\"url\":\"https:\/\/ondoc.ch\/\",\"logo\":{\"@type\":\"ImageObject\",\"inLanguage\":\"fr-FR\",\"@id\":\"https:\/\/ondoc.ch\/#\/schema\/logo\/image\/\",\"url\":\"https:\/\/ondoc.ch\/wp-content\/uploads\/2022\/11\/Group-1.png\",\"contentUrl\":\"https:\/\/ondoc.ch\/wp-content\/uploads\/2022\/11\/Group-1.png\",\"width\":188,\"height\":56,\"caption\":\"OnDoc\"},\"image\":{\"@id\":\"https:\/\/ondoc.ch\/#\/schema\/logo\/image\/\"},\"sameAs\":[\"https:\/\/www.facebook.com\/OnDoc-112176595044850\",\"https:\/\/www.linkedin.com\/company\/89650617\/\",\"https:\/\/www.instagram.com\/ondoc.ch\/\"]}]}<\/script>\n<!-- \/ Yoast SEO plugin. -->","yoast_head_json":{"title":"Impressum - OnDoc","robots":{"index":"index","follow":"follow","max-snippet":"max-snippet:-1","max-image-preview":"max-image-preview:large","max-video-preview":"max-video-preview:-1"},"canonical":"https:\/\/ondoc.ch\/fr\/impressum\/","og_locale":"fr_FR","og_type":"article","og_title":"Impressum - OnDoc","og_description":"Impressum OnDoc.ch \u2105 Dinnova AG Dinnova AG Bahnhofplatz 1 8001 Z\u00fcrich Schweiz Telefon: +41 44 310 50 00 E-Mail: contact@dinnova.ch Gesch\u00e4ftsf\u00fchrer: Arber Bullakaj Registergericht: Kanton Z\u00fcrich Registernummer: CHE-407.794.260 Technische Informationen: Wir weisen Sie darauf hin, dass die Vertraulichkeit im Internet nicht gew\u00e4hrleistet ist. Jeder Benutzer ist daher allein verantwortlich, seine Daten und\/oder Softwares vor eventuell [&hellip;]","og_url":"https:\/\/ondoc.ch\/fr\/impressum\/","og_site_name":"OnDoc","article_publisher":"https:\/\/www.facebook.com\/OnDoc-112176595044850","article_modified_time":"2025-07-12T19:09:55+00:00","twitter_card":"summary_large_image","twitter_misc":{"Dur\u00e9e de lecture estim\u00e9e":"1 minute"},"schema":{"@context":"https:\/\/schema.org","@graph":[{"@type":"WebPage","@id":"https:\/\/ondoc.ch\/impressum\/","url":"https:\/\/ondoc.ch\/impressum\/","name":"Impressum - OnDoc","isPartOf":{"@id":"https:\/\/ondoc.ch\/#website"},"datePublished":"2022-11-27T10:11:22+00:00","dateModified":"2025-07-12T19:09:55+00:00","breadcrumb":{"@id":"https:\/\/ondoc.ch\/impressum\/#breadcrumb"},"inLanguage":"fr-FR","potentialAction":[{"@type":"ReadAction","target":["https:\/\/ondoc.ch\/impressum\/"]}]},{"@type":"BreadcrumbList","@id":"https:\/\/ondoc.ch\/impressum\/#breadcrumb","itemListElement":[{"@type":"ListItem","position":1,"name":"Home","item":"https:\/\/ondoc.ch\/"},{"@type":"ListItem","position":2,"name":"Impressum"}]},{"@type":"WebSite","@id":"https:\/\/ondoc.ch\/#website","url":"https:\/\/ondoc.ch\/","name":"OnDoc","description":"","publisher":{"@id":"https:\/\/ondoc.ch\/#organization"},"potentialAction":[{"@type":"SearchAction","target":{"@type":"EntryPoint","urlTemplate":"https:\/\/ondoc.ch\/?s={search_term_string}"},"query-input":{"@type":"PropertyValueSpecification","valueRequired":true,"valueName":"search_term_string"}}],"inLanguage":"fr-FR"},{"@type":"Organization","@id":"https:\/\/ondoc.ch\/#organization","name":"OnDoc","url":"https:\/\/ondoc.ch\/","logo":{"@type":"ImageObject","inLanguage":"fr-FR","@id":"https:\/\/ondoc.ch\/#\/schema\/logo\/image\/","url":"https:\/\/ondoc.ch\/wp-content\/uploads\/2022\/11\/Group-1.png","contentUrl":"https:\/\/ondoc.ch\/wp-content\/uploads\/2022\/11\/Group-1.png","width":188,"height":56,"caption":"OnDoc"},"image":{"@id":"https:\/\/ondoc.ch\/#\/schema\/logo\/image\/"},"sameAs":["https:\/\/www.facebook.com\/OnDoc-112176595044850","https:\/\/www.linkedin.com\/company\/89650617\/","https:\/\/www.instagram.com\/ondoc.ch\/"]}]}},"_links":{"self":[{"href":"https:\/\/ondoc.ch\/fr\/wp-json\/wp\/v2\/pages\/240","targetHints":{"allow":["GET"]}}],"collection":[{"href":"https:\/\/ondoc.ch\/fr\/wp-json\/wp\/v2\/pages"}],"about":[{"href":"https:\/\/ondoc.ch\/fr\/wp-json\/wp\/v2\/types\/page"}],"author":[{"embeddable":true,"href":"https:\/\/ondoc.ch\/fr\/wp-json\/wp\/v2\/users\/1"}],"replies":[{"embeddable":true,"href":"https:\/\/ondoc.ch\/fr\/wp-json\/wp\/v2\/comments?post=240"}],"version-history":[{"count":32,"href":"https:\/\/ondoc.ch\/fr\/wp-json\/wp\/v2\/pages\/240\/revisions"}],"predecessor-version":[{"id":1807,"href":"https:\/\/ondoc.ch\/fr\/wp-json\/wp\/v2\/pages\/240\/revisions\/1807"}],"wp:attachment":[{"href":"https:\/\/ondoc.ch\/fr\/wp-json\/wp\/v2\/media?parent=240"}],"curies":[{"name":"wp","href":"https:\/\/api.w.org\/{rel}","templated":true}]}}