{"id":29,"date":"2022-11-23T10:30:36","date_gmt":"2022-11-23T10:30:36","guid":{"rendered":"https:\/\/ondoc.ch\/?page_id=29"},"modified":"2025-07-18T10:00:07","modified_gmt":"2025-07-18T09:00:07","slug":"uber-uns","status":"publish","type":"page","link":"https:\/\/ondoc.ch\/fr\/uber-uns\/","title":{"rendered":"\u00dcber uns"},"content":{"rendered":"<div data-elementor-type=\"wp-page\" data-elementor-id=\"29\" class=\"elementor elementor-29\" data-elementor-post-type=\"page\">\n\t\t\t\t\t\t<section class=\"elementor-section elementor-top-section elementor-element elementor-element-4513803 elementor-section-boxed elementor-section-height-default elementor-section-height-default\" data-id=\"4513803\" data-element_type=\"section\">\n\t\t\t\t\t\t<div class=\"elementor-container elementor-column-gap-default\">\n\t\t\t\t\t<div class=\"elementor-column elementor-col-100 elementor-top-column elementor-element elementor-element-e5be400\" data-id=\"e5be400\" data-element_type=\"column\">\n\t\t\t<div class=\"elementor-widget-wrap elementor-element-populated\">\n\t\t\t\t\t\t<section class=\"elementor-section elementor-inner-section elementor-element elementor-element-d2533df elementor-section-boxed elementor-section-height-default elementor-section-height-default\" data-id=\"d2533df\" data-element_type=\"section\" data-settings=\"{&quot;background_background&quot;:&quot;classic&quot;}\">\n\t\t\t\t\t\t<div class=\"elementor-container elementor-column-gap-default\">\n\t\t\t\t\t<div class=\"elementor-column elementor-col-100 elementor-inner-column elementor-element elementor-element-7a06b53\" data-id=\"7a06b53\" data-element_type=\"column\">\n\t\t\t<div class=\"elementor-widget-wrap elementor-element-populated\">\n\t\t\t\t\t\t<div class=\"elementor-element elementor-element-5647dc5 elementor-widget elementor-widget-heading\" data-id=\"5647dc5\" data-element_type=\"widget\" data-widget_type=\"heading.default\">\n\t\t\t\t<div class=\"elementor-widget-container\">\n\t\t\t\t\t<h2 class=\"elementor-heading-title elementor-size-default\">\u00c0 propos de OnDoc<\/h2>\t\t\t\t<\/div>\n\t\t\t\t<\/div>\n\t\t\t\t<div class=\"elementor-element elementor-element-3235353 elementor-widget elementor-widget-image\" data-id=\"3235353\" data-element_type=\"widget\" data-widget_type=\"image.default\">\n\t\t\t\t<div class=\"elementor-widget-container\">\n\t\t\t\t\t\t\t\t\t\t\t\t\t\t\t<img fetchpriority=\"high\" decoding=\"async\" width=\"687\" height=\"291\" src=\"https:\/\/ondoc.ch\/wp-content\/uploads\/2022\/12\/Frame-2.png\" class=\"attachment-full size-full wp-image-538\" alt=\"\" srcset=\"https:\/\/ondoc.ch\/wp-content\/uploads\/2022\/12\/Frame-2.png 687w, https:\/\/ondoc.ch\/wp-content\/uploads\/2022\/12\/Frame-2-300x127.png 300w, https:\/\/ondoc.ch\/wp-content\/uploads\/2022\/12\/Frame-2-18x8.png 18w\" sizes=\"(max-width: 687px) 100vw, 687px\" \/>\t\t\t\t\t\t\t\t\t\t\t\t\t\t\t<\/div>\n\t\t\t\t<\/div>\n\t\t\t\t<div class=\"elementor-element elementor-element-b4ddbab elementor-widget elementor-widget-heading\" data-id=\"b4ddbab\" data-element_type=\"widget\" data-widget_type=\"heading.default\">\n\t\t\t\t<div class=\"elementor-widget-container\">\n\t\t\t\t\t<p class=\"elementor-heading-title elementor-size-default\">OnDoc hat es sich zum Ziel gesetzt, die Welt der Online-Dokumentation zu revolutionieren. Das gelingt uns als Schweizer Unternehmen dank innovativster Technologien und der fortlaufenden Weiterentwicklung bestehender L\u00f6sungen. <br><br>\n\nNous proposons ainsi aux petites et grandes soci\u00e9t\u00e9s un outil de documentation efficace qui se distingue par une grande convivialit\u00e9 et une navigation intuitive. Nos clients b\u00e9n\u00e9ficient d'une solution orient\u00e9e client, respectueuse de l'environnement, ind\u00e9pendante du temps et du lieu et \u00e9conome en ressources.  Avec OnDoc, vous optez pour une documentation machine sans papier qui permet de r\u00e9duire les co\u00fbts et contribue au d\u00e9veloppement durable. <br><br>\n\n<b>Nous agissons ainsi en accord avec nos valeurs fondamentales:<\/b><br>\n\u00b7 Respect de l'environnement <br>\n\u00b7 Innovation<br>\n\u00b7 Efficience<br>\n\u00b7 Efficacit\u00e9<br>\n\u00b7 Orientation vers les solutions<br><br>\n\nCes principes fondamentaux constituent la base de notre activit\u00e9 et s'expriment dans chacun de nos produits et services.<\/p>\t\t\t\t<\/div>\n\t\t\t\t<\/div>\n\t\t\t\t\t<\/div>\n\t\t<\/div>\n\t\t\t\t\t<\/div>\n\t\t<\/section>\n\t\t\t\t<section class=\"elementor-section elementor-inner-section elementor-element elementor-element-9bc3e98 elementor-section-boxed elementor-section-height-default elementor-section-height-default\" data-id=\"9bc3e98\" data-element_type=\"section\" data-settings=\"{&quot;background_background&quot;:&quot;classic&quot;}\">\n\t\t\t\t\t\t<div class=\"elementor-container elementor-column-gap-default\">\n\t\t\t\t\t<div class=\"elementor-column elementor-col-100 elementor-inner-column elementor-element elementor-element-f2caddf\" data-id=\"f2caddf\" data-element_type=\"column\">\n\t\t\t<div class=\"elementor-widget-wrap elementor-element-populated\">\n\t\t\t\t\t\t<div class=\"elementor-element elementor-element-e820af0 elementor-widget elementor-widget-heading\" data-id=\"e820af0\" data-element_type=\"widget\" data-widget_type=\"heading.default\">\n\t\t\t\t<div class=\"elementor-widget-container\">\n\t\t\t\t\t<h2 class=\"elementor-heading-title elementor-size-default\">Vision<\/h2>\t\t\t\t<\/div>\n\t\t\t\t<\/div>\n\t\t\t\t<div class=\"elementor-element elementor-element-cf76f9a elementor-widget elementor-widget-image\" data-id=\"cf76f9a\" data-element_type=\"widget\" data-widget_type=\"image.default\">\n\t\t\t\t<div class=\"elementor-widget-container\">\n\t\t\t\t\t\t\t\t\t\t\t\t\t\t\t<img decoding=\"async\" width=\"667\" height=\"283\" src=\"https:\/\/ondoc.ch\/wp-content\/uploads\/2022\/12\/Frame.png\" class=\"attachment-full size-full wp-image-535\" alt=\"\" srcset=\"https:\/\/ondoc.ch\/wp-content\/uploads\/2022\/12\/Frame.png 667w, https:\/\/ondoc.ch\/wp-content\/uploads\/2022\/12\/Frame-300x127.png 300w, https:\/\/ondoc.ch\/wp-content\/uploads\/2022\/12\/Frame-18x8.png 18w\" sizes=\"(max-width: 667px) 100vw, 667px\" \/>\t\t\t\t\t\t\t\t\t\t\t\t\t\t\t<\/div>\n\t\t\t\t<\/div>\n\t\t\t\t<div class=\"elementor-element elementor-element-fb36bfb elementor-widget elementor-widget-heading\" data-id=\"fb36bfb\" data-element_type=\"widget\" data-widget_type=\"heading.default\">\n\t\t\t\t<div class=\"elementor-widget-container\">\n\t\t\t\t\t<p class=\"elementor-heading-title elementor-size-default\">Nous devenons la principale entreprise suisse dans le domaine de la documentation online.<\/p>\t\t\t\t<\/div>\n\t\t\t\t<\/div>\n\t\t\t\t\t<\/div>\n\t\t<\/div>\n\t\t\t\t\t<\/div>\n\t\t<\/section>\n\t\t\t\t<section class=\"elementor-section elementor-inner-section elementor-element elementor-element-1d46729 elementor-section-boxed elementor-section-height-default elementor-section-height-default\" data-id=\"1d46729\" data-element_type=\"section\" data-settings=\"{&quot;background_background&quot;:&quot;classic&quot;}\">\n\t\t\t\t\t\t<div class=\"elementor-container elementor-column-gap-default\">\n\t\t\t\t\t<div class=\"elementor-column elementor-col-100 elementor-inner-column elementor-element elementor-element-bc7cdd3\" data-id=\"bc7cdd3\" data-element_type=\"column\">\n\t\t\t<div class=\"elementor-widget-wrap elementor-element-populated\">\n\t\t\t\t\t\t<div class=\"elementor-element elementor-element-7979b84 elementor-widget elementor-widget-heading\" data-id=\"7979b84\" data-element_type=\"widget\" data-widget_type=\"heading.default\">\n\t\t\t\t<div class=\"elementor-widget-container\">\n\t\t\t\t\t<h2 class=\"elementor-heading-title elementor-size-default\">Mission<\/h2>\t\t\t\t<\/div>\n\t\t\t\t<\/div>\n\t\t\t\t<div class=\"elementor-element elementor-element-e966978 elementor-widget elementor-widget-image\" data-id=\"e966978\" data-element_type=\"widget\" data-widget_type=\"image.default\">\n\t\t\t\t<div class=\"elementor-widget-container\">\n\t\t\t\t\t\t\t\t\t\t\t\t\t\t\t<img decoding=\"async\" width=\"664\" height=\"289\" src=\"https:\/\/ondoc.ch\/wp-content\/uploads\/2022\/12\/Frame-1.png\" class=\"attachment-full size-full wp-image-537\" alt=\"\" srcset=\"https:\/\/ondoc.ch\/wp-content\/uploads\/2022\/12\/Frame-1.png 664w, https:\/\/ondoc.ch\/wp-content\/uploads\/2022\/12\/Frame-1-300x131.png 300w, https:\/\/ondoc.ch\/wp-content\/uploads\/2022\/12\/Frame-1-18x8.png 18w\" sizes=\"(max-width: 664px) 100vw, 664px\" \/>\t\t\t\t\t\t\t\t\t\t\t\t\t\t\t<\/div>\n\t\t\t\t<\/div>\n\t\t\t\t<div class=\"elementor-element elementor-element-2001f29 elementor-widget elementor-widget-heading\" data-id=\"2001f29\" data-element_type=\"widget\" data-widget_type=\"heading.default\">\n\t\t\t\t<div class=\"elementor-widget-container\">\n\t\t\t\t\t<p class=\"elementor-heading-title elementor-size-default\">Nous proposons une solution \u00e9cologique pour la documentation online, ind\u00e9pendante du temps et du lieu, des machines n\u00e9cessitant une maintenance intensive, mise en \u0153uvre \u00e0 l'aide des technologies les plus innovantes. Les soci\u00e9t\u00e9s du monde entier b\u00e9n\u00e9ficient ainsi d'une int\u00e9grit\u00e9 maximale des donn\u00e9es, de processus de travail optimis\u00e9s et d'un gain de temps et d'argent significatif.<\/p>\t\t\t\t<\/div>\n\t\t\t\t<\/div>\n\t\t\t\t\t<\/div>\n\t\t<\/div>\n\t\t\t\t\t<\/div>\n\t\t<\/section>\n\t\t\t\t\t<\/div>\n\t\t<\/div>\n\t\t\t\t\t<\/div>\n\t\t<\/section>\n\t\t\t\t<\/div>","protected":false},"excerpt":{"rendered":"<p>\u00dcber OnDoc OnDoc hat es sich zum Ziel gesetzt, die Welt der Online-Dokumentation zu revolutionieren. Das gelingt uns als Schweizer Unternehmen dank innovativster Technologien und der fortlaufenden Weiterentwicklung bestehender L\u00f6sungen. Damit bieten wir kleinen bis grossen Unternehmen ein effizientes Dokumentations-Tool, das mit einer hohen Nutzerfreundlichkeit und intuitiver Navigation auftrumpft. Unsere Kunden profitieren von einer kundenorientierten, [&hellip;]<\/p>","protected":false},"author":1,"featured_media":0,"parent":0,"menu_order":0,"comment_status":"closed","ping_status":"closed","template":"","meta":{"_acf_changed":false,"footnotes":""},"class_list":["post-29","page","type-page","status-publish","hentry"],"acf":[],"yoast_head":"<!-- This site is optimized with the Yoast SEO plugin v25.5 - https:\/\/yoast.com\/wordpress\/plugins\/seo\/ -->\n<title>\u00dcber uns - OnDoc<\/title>\n<meta name=\"robots\" content=\"index, follow, max-snippet:-1, max-image-preview:large, max-video-preview:-1\" \/>\n<link rel=\"canonical\" href=\"https:\/\/ondoc.ch\/fr\/uber-uns\/\" \/>\n<meta property=\"og:locale\" content=\"fr_FR\" \/>\n<meta property=\"og:type\" content=\"article\" \/>\n<meta property=\"og:title\" content=\"\u00dcber uns - OnDoc\" \/>\n<meta property=\"og:description\" content=\"\u00dcber OnDoc OnDoc hat es sich zum Ziel gesetzt, die Welt der Online-Dokumentation zu revolutionieren. Das gelingt uns als Schweizer Unternehmen dank innovativster Technologien und der fortlaufenden Weiterentwicklung bestehender L\u00f6sungen. Damit bieten wir kleinen bis grossen Unternehmen ein effizientes Dokumentations-Tool, das mit einer hohen Nutzerfreundlichkeit und intuitiver Navigation auftrumpft. Unsere Kunden profitieren von einer kundenorientierten, [&hellip;]\" \/>\n<meta property=\"og:url\" content=\"https:\/\/ondoc.ch\/fr\/uber-uns\/\" \/>\n<meta property=\"og:site_name\" content=\"OnDoc\" \/>\n<meta property=\"article:publisher\" content=\"https:\/\/www.facebook.com\/OnDoc-112176595044850\" \/>\n<meta property=\"article:modified_time\" content=\"2025-07-18T09:00:07+00:00\" \/>\n<meta property=\"og:image\" content=\"https:\/\/ondoc.ch\/wp-content\/uploads\/2022\/12\/Frame-2.png\" \/>\n\t<meta property=\"og:image:width\" content=\"687\" \/>\n\t<meta property=\"og:image:height\" content=\"291\" \/>\n\t<meta property=\"og:image:type\" content=\"image\/png\" \/>\n<meta name=\"twitter:card\" content=\"summary_large_image\" \/>\n<meta name=\"twitter:label1\" content=\"Dur\u00e9e de lecture estim\u00e9e\" \/>\n\t<meta name=\"twitter:data1\" content=\"1 minute\" \/>\n<script type=\"application\/ld+json\" class=\"yoast-schema-graph\">{\"@context\":\"https:\/\/schema.org\",\"@graph\":[{\"@type\":\"WebPage\",\"@id\":\"https:\/\/ondoc.ch\/uber-uns\/\",\"url\":\"https:\/\/ondoc.ch\/uber-uns\/\",\"name\":\"\u00dcber uns - OnDoc\",\"isPartOf\":{\"@id\":\"https:\/\/ondoc.ch\/#website\"},\"primaryImageOfPage\":{\"@id\":\"https:\/\/ondoc.ch\/uber-uns\/#primaryimage\"},\"image\":{\"@id\":\"https:\/\/ondoc.ch\/uber-uns\/#primaryimage\"},\"thumbnailUrl\":\"https:\/\/ondoc.ch\/wp-content\/uploads\/2022\/12\/Frame-2.png\",\"datePublished\":\"2022-11-23T10:30:36+00:00\",\"dateModified\":\"2025-07-18T09:00:07+00:00\",\"breadcrumb\":{\"@id\":\"https:\/\/ondoc.ch\/uber-uns\/#breadcrumb\"},\"inLanguage\":\"fr-FR\",\"potentialAction\":[{\"@type\":\"ReadAction\",\"target\":[\"https:\/\/ondoc.ch\/uber-uns\/\"]}]},{\"@type\":\"ImageObject\",\"inLanguage\":\"fr-FR\",\"@id\":\"https:\/\/ondoc.ch\/uber-uns\/#primaryimage\",\"url\":\"https:\/\/ondoc.ch\/wp-content\/uploads\/2022\/12\/Frame-2.png\",\"contentUrl\":\"https:\/\/ondoc.ch\/wp-content\/uploads\/2022\/12\/Frame-2.png\"},{\"@type\":\"BreadcrumbList\",\"@id\":\"https:\/\/ondoc.ch\/uber-uns\/#breadcrumb\",\"itemListElement\":[{\"@type\":\"ListItem\",\"position\":1,\"name\":\"Home\",\"item\":\"https:\/\/ondoc.ch\/\"},{\"@type\":\"ListItem\",\"position\":2,\"name\":\"\u00dcber uns\"}]},{\"@type\":\"WebSite\",\"@id\":\"https:\/\/ondoc.ch\/#website\",\"url\":\"https:\/\/ondoc.ch\/\",\"name\":\"OnDoc\",\"description\":\"\",\"publisher\":{\"@id\":\"https:\/\/ondoc.ch\/#organization\"},\"potentialAction\":[{\"@type\":\"SearchAction\",\"target\":{\"@type\":\"EntryPoint\",\"urlTemplate\":\"https:\/\/ondoc.ch\/?s={search_term_string}\"},\"query-input\":{\"@type\":\"PropertyValueSpecification\",\"valueRequired\":true,\"valueName\":\"search_term_string\"}}],\"inLanguage\":\"fr-FR\"},{\"@type\":\"Organization\",\"@id\":\"https:\/\/ondoc.ch\/#organization\",\"name\":\"OnDoc\",\"url\":\"https:\/\/ondoc.ch\/\",\"logo\":{\"@type\":\"ImageObject\",\"inLanguage\":\"fr-FR\",\"@id\":\"https:\/\/ondoc.ch\/#\/schema\/logo\/image\/\",\"url\":\"https:\/\/ondoc.ch\/wp-content\/uploads\/2022\/11\/Group-1.png\",\"contentUrl\":\"https:\/\/ondoc.ch\/wp-content\/uploads\/2022\/11\/Group-1.png\",\"width\":188,\"height\":56,\"caption\":\"OnDoc\"},\"image\":{\"@id\":\"https:\/\/ondoc.ch\/#\/schema\/logo\/image\/\"},\"sameAs\":[\"https:\/\/www.facebook.com\/OnDoc-112176595044850\",\"https:\/\/www.linkedin.com\/company\/89650617\/\",\"https:\/\/www.instagram.com\/ondoc.ch\/\"]}]}<\/script>\n<!-- \/ Yoast SEO plugin. -->","yoast_head_json":{"title":"\u00dcber uns - OnDoc","robots":{"index":"index","follow":"follow","max-snippet":"max-snippet:-1","max-image-preview":"max-image-preview:large","max-video-preview":"max-video-preview:-1"},"canonical":"https:\/\/ondoc.ch\/fr\/uber-uns\/","og_locale":"fr_FR","og_type":"article","og_title":"\u00dcber uns - OnDoc","og_description":"\u00dcber OnDoc OnDoc hat es sich zum Ziel gesetzt, die Welt der Online-Dokumentation zu revolutionieren. Das gelingt uns als Schweizer Unternehmen dank innovativster Technologien und der fortlaufenden Weiterentwicklung bestehender L\u00f6sungen. Damit bieten wir kleinen bis grossen Unternehmen ein effizientes Dokumentations-Tool, das mit einer hohen Nutzerfreundlichkeit und intuitiver Navigation auftrumpft. Unsere Kunden profitieren von einer kundenorientierten, [&hellip;]","og_url":"https:\/\/ondoc.ch\/fr\/uber-uns\/","og_site_name":"OnDoc","article_publisher":"https:\/\/www.facebook.com\/OnDoc-112176595044850","article_modified_time":"2025-07-18T09:00:07+00:00","og_image":[{"width":687,"height":291,"url":"https:\/\/ondoc.ch\/wp-content\/uploads\/2022\/12\/Frame-2.png","type":"image\/png"}],"twitter_card":"summary_large_image","twitter_misc":{"Dur\u00e9e de lecture estim\u00e9e":"1 minute"},"schema":{"@context":"https:\/\/schema.org","@graph":[{"@type":"WebPage","@id":"https:\/\/ondoc.ch\/uber-uns\/","url":"https:\/\/ondoc.ch\/uber-uns\/","name":"\u00dcber uns - OnDoc","isPartOf":{"@id":"https:\/\/ondoc.ch\/#website"},"primaryImageOfPage":{"@id":"https:\/\/ondoc.ch\/uber-uns\/#primaryimage"},"image":{"@id":"https:\/\/ondoc.ch\/uber-uns\/#primaryimage"},"thumbnailUrl":"https:\/\/ondoc.ch\/wp-content\/uploads\/2022\/12\/Frame-2.png","datePublished":"2022-11-23T10:30:36+00:00","dateModified":"2025-07-18T09:00:07+00:00","breadcrumb":{"@id":"https:\/\/ondoc.ch\/uber-uns\/#breadcrumb"},"inLanguage":"fr-FR","potentialAction":[{"@type":"ReadAction","target":["https:\/\/ondoc.ch\/uber-uns\/"]}]},{"@type":"ImageObject","inLanguage":"fr-FR","@id":"https:\/\/ondoc.ch\/uber-uns\/#primaryimage","url":"https:\/\/ondoc.ch\/wp-content\/uploads\/2022\/12\/Frame-2.png","contentUrl":"https:\/\/ondoc.ch\/wp-content\/uploads\/2022\/12\/Frame-2.png"},{"@type":"BreadcrumbList","@id":"https:\/\/ondoc.ch\/uber-uns\/#breadcrumb","itemListElement":[{"@type":"ListItem","position":1,"name":"Home","item":"https:\/\/ondoc.ch\/"},{"@type":"ListItem","position":2,"name":"\u00dcber uns"}]},{"@type":"WebSite","@id":"https:\/\/ondoc.ch\/#website","url":"https:\/\/ondoc.ch\/","name":"OnDoc","description":"","publisher":{"@id":"https:\/\/ondoc.ch\/#organization"},"potentialAction":[{"@type":"SearchAction","target":{"@type":"EntryPoint","urlTemplate":"https:\/\/ondoc.ch\/?s={search_term_string}"},"query-input":{"@type":"PropertyValueSpecification","valueRequired":true,"valueName":"search_term_string"}}],"inLanguage":"fr-FR"},{"@type":"Organization","@id":"https:\/\/ondoc.ch\/#organization","name":"OnDoc","url":"https:\/\/ondoc.ch\/","logo":{"@type":"ImageObject","inLanguage":"fr-FR","@id":"https:\/\/ondoc.ch\/#\/schema\/logo\/image\/","url":"https:\/\/ondoc.ch\/wp-content\/uploads\/2022\/11\/Group-1.png","contentUrl":"https:\/\/ondoc.ch\/wp-content\/uploads\/2022\/11\/Group-1.png","width":188,"height":56,"caption":"OnDoc"},"image":{"@id":"https:\/\/ondoc.ch\/#\/schema\/logo\/image\/"},"sameAs":["https:\/\/www.facebook.com\/OnDoc-112176595044850","https:\/\/www.linkedin.com\/company\/89650617\/","https:\/\/www.instagram.com\/ondoc.ch\/"]}]}},"_links":{"self":[{"href":"https:\/\/ondoc.ch\/fr\/wp-json\/wp\/v2\/pages\/29","targetHints":{"allow":["GET"]}}],"collection":[{"href":"https:\/\/ondoc.ch\/fr\/wp-json\/wp\/v2\/pages"}],"about":[{"href":"https:\/\/ondoc.ch\/fr\/wp-json\/wp\/v2\/types\/page"}],"author":[{"embeddable":true,"href":"https:\/\/ondoc.ch\/fr\/wp-json\/wp\/v2\/users\/1"}],"replies":[{"embeddable":true,"href":"https:\/\/ondoc.ch\/fr\/wp-json\/wp\/v2\/comments?post=29"}],"version-history":[{"count":83,"href":"https:\/\/ondoc.ch\/fr\/wp-json\/wp\/v2\/pages\/29\/revisions"}],"predecessor-version":[{"id":1863,"href":"https:\/\/ondoc.ch\/fr\/wp-json\/wp\/v2\/pages\/29\/revisions\/1863"}],"wp:attachment":[{"href":"https:\/\/ondoc.ch\/fr\/wp-json\/wp\/v2\/media?parent=29"}],"curies":[{"name":"wp","href":"https:\/\/api.w.org\/{rel}","templated":true}]}}