{"id":242,"date":"2022-11-27T10:11:31","date_gmt":"2022-11-27T10:11:31","guid":{"rendered":"https:\/\/ondoc.ch\/?page_id=242"},"modified":"2023-01-02T08:32:16","modified_gmt":"2023-01-02T08:32:16","slug":"allgemeine-geschaeftsbedingungen","status":"publish","type":"page","link":"https:\/\/ondoc.ch\/it\/allgemeine-geschaeftsbedingungen\/","title":{"rendered":"Termini e condizioni d'uso"},"content":{"rendered":"<div data-elementor-type=\"wp-page\" data-elementor-id=\"242\" class=\"elementor elementor-242\" data-elementor-post-type=\"page\">\n\t\t\t\t\t\t<section class=\"elementor-section elementor-top-section elementor-element elementor-element-d2ebfbc elementor-section-boxed elementor-section-height-default elementor-section-height-default\" data-id=\"d2ebfbc\" data-element_type=\"section\">\n\t\t\t\t\t\t<div class=\"elementor-container elementor-column-gap-default\">\n\t\t\t\t\t<div class=\"elementor-column elementor-col-100 elementor-top-column elementor-element elementor-element-f62bbaf\" data-id=\"f62bbaf\" data-element_type=\"column\" data-settings=\"{&quot;background_background&quot;:&quot;classic&quot;}\">\n\t\t\t<div class=\"elementor-widget-wrap elementor-element-populated\">\n\t\t\t\t\t\t<div class=\"elementor-element elementor-element-5e498cf elementor-widget elementor-widget-heading\" data-id=\"5e498cf\" data-element_type=\"widget\" data-widget_type=\"heading.default\">\n\t\t\t\t<div class=\"elementor-widget-container\">\n\t\t\t\t\t<h2 class=\"elementor-heading-title elementor-size-default\">Termini e condizioni d'uso\n<\/h2>\t\t\t\t<\/div>\n\t\t\t\t<\/div>\n\t\t\t\t<div class=\"elementor-element elementor-element-26ec2ea elementor-widget elementor-widget-heading\" data-id=\"26ec2ea\" data-element_type=\"widget\" data-widget_type=\"heading.default\">\n\t\t\t\t<div class=\"elementor-widget-container\">\n\t\t\t\t\t<h6 class=\"elementor-heading-title elementor-size-default\">OnDoc.ch \u2105 Dinnova AG<\/h6>\t\t\t\t<\/div>\n\t\t\t\t<\/div>\n\t\t\t\t<div class=\"elementor-element elementor-element-df3e7ee elementor-widget elementor-widget-heading\" data-id=\"df3e7ee\" data-element_type=\"widget\" data-widget_type=\"heading.default\">\n\t\t\t\t<div class=\"elementor-widget-container\">\n\t\t\t\t\t<p class=\"elementor-heading-title elementor-size-default\"><b>1 Geltungsbereich und Anbieter<\/b><br>\n<ol class=\"terms\">\n<li>Die Allgemeinen Gesch\u00e4ftsbedingungen (nachfolgend \u201eAGB\u00bb genannt) regeln das Vertragsverh\u00e4ltnis zwischen der Dinnova AG (nachfolgend Anbieter) und Ihnen (nachfolgend Besteller), in ihrer zum Zeitpunkt des Vertragsabschlusses g\u00fcltigen Fassung.<\/li>\n <li>Dinnova bietet Ihnen folgende Dienstleistungen an:<\/li>\n         Digitale Strategien und Innovationen \u2013 Begleitung von Unternehmen mit neuen, digitalen Strategien. Dazu geh\u00f6ren unter anderem: die Entwicklung mobiler Apps, von eCommerce L\u00f6sungen und Webseiten; SaaS-Beratung und Entwicklung; Beratung zum Gesch\u00e4ftsmodell und kundenspezifische Software-Dienstleistungen.\n<li>Gesch\u00e4ftsbedingungen des Auftraggebers finden nur dann Anwendung, wenn dies zwischen den Parteien ausdr\u00fccklich schriftlich vereinbart wurde.<\/li><\/ol> <br>\n\nBitte lesen Sie diese Bedingungen aufmerksam, bevor Sie eine Dienstleistung der Dinnova AG in Anspruch nehmen.<br><br>\n\n\n<b>2 Vertragsgegenstand, Leistungsumfang<\/b>\n<ol class=\"terms\">\n\n<li>Gegenstand des Auftrags ist die im jeweiligen Projekteinzelvertrag vereinbarte Beratungst\u00e4tigkeit.<\/li>\n<li>\nDer Berater f\u00fchrt alle Arbeiten mit gr\u00f6sster Sorgfalt durch und beachtet die anerkannten Regeln von Wissenschaft und Praxis.\n<\/li>\n<li>\nVom Auftraggeber und von Dritten zur Verf\u00fcgung gestellte Daten werden nicht auf Richtigkeit, sondern nur auf Plausibilit\u00e4t gepr\u00fcft.<\/li>\n<li>\nDie Leistung des Beraters gilt als erbracht, wenn das im Projekteinzelvertrag vereinbarte Projektziel oder Projektteilziel erreicht wurde. Unerheblich ist hierbei, ob und wann m\u00f6gliche Empfehlungen des Beraters seitens des Auftraggebers umgesetzt werden.<\/li>\n<li>\nSoll der Berater zur Erstellung eines ausf\u00fchrlichen, schriftlichen Berichts verpflichtet werden, so muss dies zwischen den Parteien gesondert schriftlich vereinbart werden.<\/li>\n<\/ol><br> \n\n<b>3 Mitwirkungspflichten des Auftraggebers<\/b><br>\nDer Auftraggeber ist verpflichtet, den Berater vollumf\u00e4nglich zu unterst\u00fctzen und insbesondere alle zur Durchf\u00fchrung des Auftrages notwendigen Voraussetzungen zu schaffen und dem Berater s\u00e4mtliche relevanten Unterlagen rechtzeitig zur Verf\u00fcgung zu stellen. Der Auftraggeber wird dem Berater auf dessen Verlangen hin die Richtigkeit und Vollst\u00e4ndigkeit der \u00fcberlassenen Unterlagen schriftlich best\u00e4tigen.<br><br>\n\n<b>4 Annahmeverzug, unterlassene Mitwirkung<\/b><br>\nSollte der Auftraggeber mit der Annahme der Beratungsdienste in Verzug kommen oder eine ihm obliegende Mitwirkung trotz Mahnung und Fristsetzung unterlassen, so ist der Berater zur fristlosen K\u00fcndigung berechtigt. Die Aus\u00fcbung dieses K\u00fcndigungsrechtes hat keine Auswirkungen auf Anspr\u00fcche des Beraters auf Ersatz des durch den Verzug oder die unterlassene Mitwirkung entstandenen Schadens bzw. den Ersatz notwendiger Mehraufwendungen.<br><br>\n\n<b>5 Verg\u00fctung, Zahlungsbedingungen, Aufrechnung<\/b><br>\n<ol class=\"terms\">\n<li>\nAlle Forderungen werden 14 Tage nach Rechnungsstellung f\u00e4llig und sind sofort ohne Abz\u00fcge zahlbar, sofern nichts anderes vereinbart wurde. Bei nicht fristgerechter Zahlung kommt der Auftraggeber automatisch, das heisst ohne Mahnung, in Verzug. Die gesetzliche Mehrwertsteuer von 7,7% ist allen Preisangaben hinzuzurechnen und wird in der Rechnung gesondert ausgewiesen.<\/li>\n<li>\nMehrere Auftraggeber (nat\u00fcrliche und\/oder juristische Personen) haften gesamtschuldnerisch. Eine Aufrechnung gegen Forderungen des Beraters auf Verg\u00fctung und Auslagenersatz ist nur mit unbestrittenen oder rechtskr\u00e4ftig festgestellten Forderungen zul\u00e4ssig.<\/li>\n<\/ol><br>\n\n<b>6 Treuepflicht<\/b><br>\n<ol class=\"terms\">\n <li>\nDie Parteien verpflichten sich zur gegenseitigen Loyalit\u00e4t. Sie informieren sich unverz\u00fcglich \u00fcber s\u00e4mtliche Umst\u00e4nde, die im Verlauf der Projektausf\u00fchrung entstehen und die Bearbeitung beeinflussen k\u00f6nnten. <\/li>\n<li>\nDie Parteien verpflichten sich, innerhalb eines Zeitraums von zw\u00f6lf Monaten nach Beendigung der Zusammenarbeit keine Mitarbeiter der jeweils anderen Partei abzuwerben bzw. bei sich zu besch\u00e4ftigen. Unter den Begriff des \u201ebei sich zu besch\u00e4ftigen\u201c fallen auch freiberufliche bzw. selbst\u00e4ndige T\u00e4tigkeiten. <\/li>\n<li>\nBei einem Verstoss gegen \u00a7 6 (2) wird eine Vertragsstrafe gem. entstandenem Schaden ausgel\u00f6st<\/li>\n<\/ol><br>\n\n<b>7 Aufbewahrung von Unterlagen<\/b><br>\n<ol class=\"terms\">\n<li>\nDie Parteien haben nach Auftragsbeendigung das Recht, die jeweils erhaltenen Unterlagen der anderen Partei zur\u00fcck zu geben oder aber zu vernichten. Sollte es sich um Originale handeln, so ist vor der Vernichtung das Einverst\u00e4ndnis der anderen Partei einzuholen. <\/li>\n<li>\nEine Aufbewahrungspflicht, soweit diese nicht gesetzlich bestimmt ist, ist nicht vereinbart.<\/li>\n<\/ol><br>\n\n<b>8 Schweigepflicht, Datenschutz<\/b><br>\n<ol class=\"terms\">\n<li>\nDer Berater verpflichtet sich zur Wahrung s\u00e4mtlicher Gesch\u00e4fts- und Betriebsgeheimnisse des Auftraggebers und zur Einhaltung der gesetzlichen Datenschutzbestimmungen. Die Weitergabe an nicht mit der Durchf\u00fchrung des Auftrags besch\u00e4ftigte Dritte bedarf der schriftlichen Einwilligung des Auftraggebers. Der Berater verpflichtet alle von ihm zur Durchf\u00fchrung des Auftrags eingesetzten Personen entsprechend auf die Einhaltung dieser Vorschriften.  <\/li>\n<li>\nDer Berater ist befugt, im Rahmen der Zweckbestimmung des Auftrags die ihm anvertrauten personenbezogenen Daten unter Beachtung der Datenschutzbestimmungen zu verarbeiten oder durch Dritte verarbeiten zu lassen.<\/li>\n<\/ol><br>\n\n<b>9 Schutz des geistigen Eigentums des Beraters<\/b><br>\n<ol class=\"terms\">\n<li>\nS\u00e4mtliche seitens des Beraters gefertigten Berichte, Auswertungen, Entw\u00fcrfe, Berechnungen, Zeichnungen etc. sind und bleiben geistiges Eigentum des Beraters und d\u00fcrfen seitens des Auftraggebers nur f\u00fcr die vertraglich vereinbarten Zwecke verwandt werden und nur mit ausdr\u00fccklicher schriftlicher Zustimmung des Beraters an Dritte herausgeben bzw. diesen bekannt gemacht werden oder publiziert werden.  <\/li>\n<li>\nSollte der Auftraggeber die Beratungsdienstleistungen auch f\u00fcr verbundene Unternehmen nutzen wollen, so ben\u00f6tigt er hierf\u00fcr vorab die schriftliche Zustimmung des Beraters, die dieser auch ohne Angabe von Gr\u00fcnden verweigern kann. Soweit Arbeitsergebnisse urheberrechtsf\u00e4hig sind, bleibt der Berater Urheber. Der Auftraggeber erh\u00e4lt in diesen F\u00e4llen ein durch die vorgenannten Bestimmungen eingeschr\u00e4nktes, im \u00dcbrigen zeitlich und \u00f6rtlich unbeschr\u00e4nktes, unwiderrufliches, ausschliessliches und nicht \u00fcbertragbares Nutzungsrecht an den Arbeitsergebnissen.  <\/li>\n<li>\nBei einem Verstoss gegen \u00a7 9 (1) und\/oder (2) wird eine Vertragsstrafe gem. \u00a7 10 ausgel\u00f6st.<\/li>\n<\/ol><br>\n\n<b>10 Vertragsstrafe<\/b><br>\n<ol class=\"terms\">\n<li>\nIm Falle des Verstosses gegen \u00a7 9 (1) und\/oder (2) verpflichtet sich der Auftraggeber zur Zahlung einer Vertragsstrafe in H\u00f6he von CHF50.000 f\u00fcr jeden Fall der Zuwiderhandlung. <\/li>\n<li>\nDie Geltendmachung eines weitergehenden Schadens bleibt vorbehalten.<\/li>\n<\/ol><br>\n\n<b>11 K\u00fcndigung<\/b><br>\nRegelungen zur K\u00fcndigung werden in den jeweiligen Projekteinzelvertr\u00e4gen vereinbart.<br><br>\n\n<b>12 Sonstiges<\/b><br>\n<ol class=\"terms\">\n<li>F\u00fcr alle Rechte aus dem Vertrag gilt ausschliesslich das Recht der Schweiz. <\/li>\n<li>\nAlle \u00c4nderungen und Erg\u00e4nzungen dieser Allgemeinen Auftragsbedingungen bed\u00fcrfen der Schriftform und m\u00fcssen als solche ausdr\u00fccklich gekennzeichnet sein. \n<\/li>\n<li>\nSind oder werden Vorschriften dieser AGB ganz oder teilweise unwirksam, so werden die \u00fcbrigen Bestimmungen hiervon nicht ber\u00fchrt. Die Parteien verpflichten sich, die unwirksamen Vorschriften unverz\u00fcglich durch wirksame zu ersetzen.  <\/li>\n<li>\nGerichtsstand ist Z\u00fcrich.<\/li>\n<\/ol><br>\n\n<b>13 Datenschutz<\/b><br>\n<ol class=\"terms\">\n<li>\nSollten personenbezogene Daten (z.B. Name, Anschrift, E-Mail-Adresse) erhoben werden, verpflichten wir uns dazu, Ihre vorherige Einverst\u00e4ndnis einzuholen. Wir verpflichten uns dazu, keine Daten an Dritte weiterzugeben, es sei denn, Sie haben zuvor eingewilligt. <\/li>\n<li>\nWir weisen darauf hin, dass die \u00dcbertragung von Daten im Internet (z. B. per E-Mail) Sicherheitsl\u00fccken aufweisen kann. Demnach kann ein fehlerfreier und st\u00f6rungsfreier Schutz der Daten Dritter nicht vollst\u00e4ndig gew\u00e4hrleistet werden. Diesbez\u00fcglich ist unsere Haftung ausgeschlossen.\n<\/li>\n<li>\nDritte sind nicht dazu berechtigt, Kontaktdaten f\u00fcr gewerbliche Aktivit\u00e4ten zu nutzen, sofern der Anbieter den betroffenen Personen vorher eine schriftliche Einwilligung erteilt hat.\n<\/li>\n<li>\nSie haben jederzeit das Recht, von der Dinnova AG \u00fcber den Sie betreffenden Datenbestand vollst\u00e4ndig und unentgeltlich Auskunft zu erhalten.\n<\/li>\n<li>\nDes Weiteren besteht ein Recht auf Berichtigung\/L\u00f6schung von Daten\/Einschr\u00e4nkung der Verarbeitung f\u00fcr den Nutzer.\n<\/li>\n<li>\nWeitere Angaben zum Datenschutz sind in der separaten Datenschutzerkl\u00e4rung zu finden.\n<\/li>\n<\/ol><br>\n\n<b>14 Cookies<\/b><br>\n<ol class=\"terms\">\n<li>\nZur Anzeige des Dienstleistungsangebotes kann es vorkommen, dass wir Cookies einsetzen. Bei Cookies handelt es sich um kleine Textdateien, die lokal im Zwischenspeicher des Internet-Browsers des Seitenbesuchers gespeichert werden.\n<\/li>\n<li>\nZahlreiche Internetseiten und Server verwenden Cookies. Viele Cookies enthalten eine sogenannte Cookie-ID. Eine Cookie-ID ist eine eindeutige Kennung des Cookies. Sie besteht aus einer Zeichenfolge, durch welche Internetseiten und Server dem konkreten Internetbrowser zugeordnet werden k\u00f6nnen, in dem das Cookie gespeichert wurde. Dies erm\u00f6glicht es den besuchten Internetseiten und Servern, den individuellen Browser der betroffenen Person von anderen Internetbrowsern, die andere Cookies enthalten, zu unterscheiden. Ein bestimmter Internetbrowser kann \u00fcber die eindeutige Cookie-ID wiedererkannt und identifiziert werden.\n<\/li>\n<li>\nDurch den Einsatz von Cookies kann den Nutzern dieser Internetseite nutzerfreundlichere Services bereitstellen, die ohne die Cookie-Setzung nicht m\u00f6glich w\u00e4ren.\n<\/li>\n<li>\nWir weisen Sie darauf hin, dass einige dieser Cookies von unserem Server auf Ihr Computersystem \u00fcberspielt werden, wobei es sich dabei meist um so genannte sitzungsbezogene Cookies handelt. Sitzungsbezogene Cookies zeichnen sich dadurch aus, dass diese automatisch nach Ende der Browser-Sitzung wieder von Ihrer Festplatte gel\u00f6scht werden. Andere Cookies verbleiben auf Ihrem Computersystem und erm\u00f6glichen es uns, Ihr Computersystem bei Ihrem n\u00e4chsten Besuch wieder zu erkennen (sog. dauerhafte Cookies).\n<\/li>\n<li>\n Sie k\u00f6nnen der Speicherung von Cookies widersprechen, hierzu steht Ihnen ein Banner zu Verf\u00fcgung dem Sie widersprechen\/annehmen k\u00f6nnen.\n<\/li>\n<li>\nSelbstverst\u00e4ndlich k\u00f6nnen Sie Ihren Browser so einstellen, dass keine Cookies auf der Festplatte abgelegt werden bzw. bereits abgelegte Cookies wieder gel\u00f6scht werden. Die Anweisungen bez\u00fcglich der Verhinderung sowie L\u00f6schung von Cookies k\u00f6nnen Sie der Hilfefunktion Ihres Browsers oder Softwareherstellers entnehmen.\n<\/li>\n<\/ol><\/p>\t\t\t\t<\/div>\n\t\t\t\t<\/div>\n\t\t\t\t\t<\/div>\n\t\t<\/div>\n\t\t\t\t\t<\/div>\n\t\t<\/section>\n\t\t\t\t<\/div>","protected":false},"excerpt":{"rendered":"<p>Allgemeine Gesch\u00e4ftsbedingungen OnDoc.ch \u2105 Dinnova AG 1 Geltungsbereich und Anbieter Die Allgemeinen Gesch\u00e4ftsbedingungen (nachfolgend \u201eAGB\u00bb genannt) regeln das Vertragsverh\u00e4ltnis zwischen der Dinnova AG (nachfolgend Anbieter) und Ihnen (nachfolgend Besteller), in ihrer zum Zeitpunkt des Vertragsabschlusses g\u00fcltigen Fassung. Dinnova bietet Ihnen folgende Dienstleistungen an: Digitale Strategien und Innovationen \u2013 Begleitung von Unternehmen mit neuen, digitalen Strategien. [&hellip;]<\/p>","protected":false},"author":1,"featured_media":0,"parent":0,"menu_order":0,"comment_status":"closed","ping_status":"closed","template":"","meta":{"_acf_changed":false,"footnotes":""},"class_list":["post-242","page","type-page","status-publish","hentry"],"acf":[],"yoast_head":"<!-- This site is optimized with the Yoast SEO plugin v25.5 - https:\/\/yoast.com\/wordpress\/plugins\/seo\/ -->\n<title>Allgemeine Gesch\u00e4ftsbedingungen - OnDoc<\/title>\n<meta name=\"robots\" content=\"index, follow, max-snippet:-1, max-image-preview:large, max-video-preview:-1\" \/>\n<link rel=\"canonical\" href=\"https:\/\/ondoc.ch\/it\/allgemeine-geschaeftsbedingungen\/\" \/>\n<meta property=\"og:locale\" content=\"it_IT\" \/>\n<meta property=\"og:type\" content=\"article\" \/>\n<meta property=\"og:title\" content=\"Allgemeine Gesch\u00e4ftsbedingungen - OnDoc\" \/>\n<meta property=\"og:description\" content=\"Allgemeine Gesch\u00e4ftsbedingungen OnDoc.ch \u2105 Dinnova AG 1 Geltungsbereich und Anbieter Die Allgemeinen Gesch\u00e4ftsbedingungen (nachfolgend \u201eAGB\u00bb genannt) regeln das Vertragsverh\u00e4ltnis zwischen der Dinnova AG (nachfolgend Anbieter) und Ihnen (nachfolgend Besteller), in ihrer zum Zeitpunkt des Vertragsabschlusses g\u00fcltigen Fassung. Dinnova bietet Ihnen folgende Dienstleistungen an: Digitale Strategien und Innovationen \u2013 Begleitung von Unternehmen mit neuen, digitalen Strategien. [&hellip;]\" \/>\n<meta property=\"og:url\" content=\"https:\/\/ondoc.ch\/it\/allgemeine-geschaeftsbedingungen\/\" \/>\n<meta property=\"og:site_name\" content=\"OnDoc\" \/>\n<meta property=\"article:publisher\" content=\"https:\/\/www.facebook.com\/OnDoc-112176595044850\" \/>\n<meta property=\"article:modified_time\" content=\"2023-01-02T08:32:16+00:00\" \/>\n<meta name=\"twitter:card\" content=\"summary_large_image\" \/>\n<meta name=\"twitter:label1\" content=\"Tempo di lettura stimato\" \/>\n\t<meta name=\"twitter:data1\" content=\"7 minuti\" \/>\n<script type=\"application\/ld+json\" class=\"yoast-schema-graph\">{\"@context\":\"https:\/\/schema.org\",\"@graph\":[{\"@type\":\"WebPage\",\"@id\":\"https:\/\/ondoc.ch\/allgemeine-geschaeftsbedingungen\/\",\"url\":\"https:\/\/ondoc.ch\/allgemeine-geschaeftsbedingungen\/\",\"name\":\"Allgemeine Gesch\u00e4ftsbedingungen - OnDoc\",\"isPartOf\":{\"@id\":\"https:\/\/ondoc.ch\/#website\"},\"datePublished\":\"2022-11-27T10:11:31+00:00\",\"dateModified\":\"2023-01-02T08:32:16+00:00\",\"breadcrumb\":{\"@id\":\"https:\/\/ondoc.ch\/allgemeine-geschaeftsbedingungen\/#breadcrumb\"},\"inLanguage\":\"it-IT\",\"potentialAction\":[{\"@type\":\"ReadAction\",\"target\":[\"https:\/\/ondoc.ch\/allgemeine-geschaeftsbedingungen\/\"]}]},{\"@type\":\"BreadcrumbList\",\"@id\":\"https:\/\/ondoc.ch\/allgemeine-geschaeftsbedingungen\/#breadcrumb\",\"itemListElement\":[{\"@type\":\"ListItem\",\"position\":1,\"name\":\"Home\",\"item\":\"https:\/\/ondoc.ch\/\"},{\"@type\":\"ListItem\",\"position\":2,\"name\":\"Allgemeine Gesch\u00e4ftsbedingungen\"}]},{\"@type\":\"WebSite\",\"@id\":\"https:\/\/ondoc.ch\/#website\",\"url\":\"https:\/\/ondoc.ch\/\",\"name\":\"OnDoc\",\"description\":\"\",\"publisher\":{\"@id\":\"https:\/\/ondoc.ch\/#organization\"},\"potentialAction\":[{\"@type\":\"SearchAction\",\"target\":{\"@type\":\"EntryPoint\",\"urlTemplate\":\"https:\/\/ondoc.ch\/?s={search_term_string}\"},\"query-input\":{\"@type\":\"PropertyValueSpecification\",\"valueRequired\":true,\"valueName\":\"search_term_string\"}}],\"inLanguage\":\"it-IT\"},{\"@type\":\"Organization\",\"@id\":\"https:\/\/ondoc.ch\/#organization\",\"name\":\"OnDoc\",\"url\":\"https:\/\/ondoc.ch\/\",\"logo\":{\"@type\":\"ImageObject\",\"inLanguage\":\"it-IT\",\"@id\":\"https:\/\/ondoc.ch\/#\/schema\/logo\/image\/\",\"url\":\"https:\/\/ondoc.ch\/wp-content\/uploads\/2022\/11\/Group-1.png\",\"contentUrl\":\"https:\/\/ondoc.ch\/wp-content\/uploads\/2022\/11\/Group-1.png\",\"width\":188,\"height\":56,\"caption\":\"OnDoc\"},\"image\":{\"@id\":\"https:\/\/ondoc.ch\/#\/schema\/logo\/image\/\"},\"sameAs\":[\"https:\/\/www.facebook.com\/OnDoc-112176595044850\",\"https:\/\/www.linkedin.com\/company\/89650617\/\",\"https:\/\/www.instagram.com\/ondoc.ch\/\"]}]}<\/script>\n<!-- \/ Yoast SEO plugin. -->","yoast_head_json":{"title":"Allgemeine Gesch\u00e4ftsbedingungen - OnDoc","robots":{"index":"index","follow":"follow","max-snippet":"max-snippet:-1","max-image-preview":"max-image-preview:large","max-video-preview":"max-video-preview:-1"},"canonical":"https:\/\/ondoc.ch\/it\/allgemeine-geschaeftsbedingungen\/","og_locale":"it_IT","og_type":"article","og_title":"Allgemeine Gesch\u00e4ftsbedingungen - OnDoc","og_description":"Allgemeine Gesch\u00e4ftsbedingungen OnDoc.ch \u2105 Dinnova AG 1 Geltungsbereich und Anbieter Die Allgemeinen Gesch\u00e4ftsbedingungen (nachfolgend \u201eAGB\u00bb genannt) regeln das Vertragsverh\u00e4ltnis zwischen der Dinnova AG (nachfolgend Anbieter) und Ihnen (nachfolgend Besteller), in ihrer zum Zeitpunkt des Vertragsabschlusses g\u00fcltigen Fassung. Dinnova bietet Ihnen folgende Dienstleistungen an: Digitale Strategien und Innovationen \u2013 Begleitung von Unternehmen mit neuen, digitalen Strategien. [&hellip;]","og_url":"https:\/\/ondoc.ch\/it\/allgemeine-geschaeftsbedingungen\/","og_site_name":"OnDoc","article_publisher":"https:\/\/www.facebook.com\/OnDoc-112176595044850","article_modified_time":"2023-01-02T08:32:16+00:00","twitter_card":"summary_large_image","twitter_misc":{"Tempo di lettura stimato":"7 minuti"},"schema":{"@context":"https:\/\/schema.org","@graph":[{"@type":"WebPage","@id":"https:\/\/ondoc.ch\/allgemeine-geschaeftsbedingungen\/","url":"https:\/\/ondoc.ch\/allgemeine-geschaeftsbedingungen\/","name":"Allgemeine Gesch\u00e4ftsbedingungen - OnDoc","isPartOf":{"@id":"https:\/\/ondoc.ch\/#website"},"datePublished":"2022-11-27T10:11:31+00:00","dateModified":"2023-01-02T08:32:16+00:00","breadcrumb":{"@id":"https:\/\/ondoc.ch\/allgemeine-geschaeftsbedingungen\/#breadcrumb"},"inLanguage":"it-IT","potentialAction":[{"@type":"ReadAction","target":["https:\/\/ondoc.ch\/allgemeine-geschaeftsbedingungen\/"]}]},{"@type":"BreadcrumbList","@id":"https:\/\/ondoc.ch\/allgemeine-geschaeftsbedingungen\/#breadcrumb","itemListElement":[{"@type":"ListItem","position":1,"name":"Home","item":"https:\/\/ondoc.ch\/"},{"@type":"ListItem","position":2,"name":"Allgemeine Gesch\u00e4ftsbedingungen"}]},{"@type":"WebSite","@id":"https:\/\/ondoc.ch\/#website","url":"https:\/\/ondoc.ch\/","name":"OnDoc","description":"","publisher":{"@id":"https:\/\/ondoc.ch\/#organization"},"potentialAction":[{"@type":"SearchAction","target":{"@type":"EntryPoint","urlTemplate":"https:\/\/ondoc.ch\/?s={search_term_string}"},"query-input":{"@type":"PropertyValueSpecification","valueRequired":true,"valueName":"search_term_string"}}],"inLanguage":"it-IT"},{"@type":"Organization","@id":"https:\/\/ondoc.ch\/#organization","name":"OnDoc","url":"https:\/\/ondoc.ch\/","logo":{"@type":"ImageObject","inLanguage":"it-IT","@id":"https:\/\/ondoc.ch\/#\/schema\/logo\/image\/","url":"https:\/\/ondoc.ch\/wp-content\/uploads\/2022\/11\/Group-1.png","contentUrl":"https:\/\/ondoc.ch\/wp-content\/uploads\/2022\/11\/Group-1.png","width":188,"height":56,"caption":"OnDoc"},"image":{"@id":"https:\/\/ondoc.ch\/#\/schema\/logo\/image\/"},"sameAs":["https:\/\/www.facebook.com\/OnDoc-112176595044850","https:\/\/www.linkedin.com\/company\/89650617\/","https:\/\/www.instagram.com\/ondoc.ch\/"]}]}},"_links":{"self":[{"href":"https:\/\/ondoc.ch\/it\/wp-json\/wp\/v2\/pages\/242","targetHints":{"allow":["GET"]}}],"collection":[{"href":"https:\/\/ondoc.ch\/it\/wp-json\/wp\/v2\/pages"}],"about":[{"href":"https:\/\/ondoc.ch\/it\/wp-json\/wp\/v2\/types\/page"}],"author":[{"embeddable":true,"href":"https:\/\/ondoc.ch\/it\/wp-json\/wp\/v2\/users\/1"}],"replies":[{"embeddable":true,"href":"https:\/\/ondoc.ch\/it\/wp-json\/wp\/v2\/comments?post=242"}],"version-history":[{"count":23,"href":"https:\/\/ondoc.ch\/it\/wp-json\/wp\/v2\/pages\/242\/revisions"}],"predecessor-version":[{"id":957,"href":"https:\/\/ondoc.ch\/it\/wp-json\/wp\/v2\/pages\/242\/revisions\/957"}],"wp:attachment":[{"href":"https:\/\/ondoc.ch\/it\/wp-json\/wp\/v2\/media?parent=242"}],"curies":[{"name":"wp","href":"https:\/\/api.w.org\/{rel}","templated":true}]}}