{"id":31,"date":"2022-11-23T10:30:50","date_gmt":"2022-11-23T10:30:50","guid":{"rendered":"https:\/\/ondoc.ch\/?page_id=31"},"modified":"2025-07-18T06:59:52","modified_gmt":"2025-07-18T05:59:52","slug":"prices","status":"publish","type":"page","link":"https:\/\/ondoc.ch\/it\/prezzi\/","title":{"rendered":"Prezzi"},"content":{"rendered":"<div data-elementor-type=\"wp-page\" data-elementor-id=\"31\" class=\"elementor elementor-31\" data-elementor-post-type=\"page\">\n\t\t\t\t\t\t<section class=\"elementor-section elementor-top-section elementor-element elementor-element-a74f695 elementor-section-boxed elementor-section-height-default elementor-section-height-default\" data-id=\"a74f695\" data-element_type=\"section\">\n\t\t\t\t\t\t<div class=\"elementor-container elementor-column-gap-default\">\n\t\t\t\t\t<div class=\"elementor-column elementor-col-100 elementor-top-column elementor-element elementor-element-5040d9a\" data-id=\"5040d9a\" data-element_type=\"column\" data-settings=\"{&quot;background_background&quot;:&quot;classic&quot;}\">\n\t\t\t<div class=\"elementor-widget-wrap elementor-element-populated\">\n\t\t\t\t\t\t<div class=\"elementor-element elementor-element-ceaa3f7 elementor-widget elementor-widget-heading\" data-id=\"ceaa3f7\" data-element_type=\"widget\" data-widget_type=\"heading.default\">\n\t\t\t\t<div class=\"elementor-widget-container\">\n\t\t\t\t\t<h2 class=\"elementor-heading-title elementor-size-default\">Richiedi un\u2019offerta<\/h2>\t\t\t\t<\/div>\n\t\t\t\t<\/div>\n\t\t\t\t<div class=\"elementor-element elementor-element-7aa8996 elementor-widget__width-initial elementor-widget elementor-widget-heading\" data-id=\"7aa8996\" data-element_type=\"widget\" data-widget_type=\"heading.default\">\n\t\t\t\t<div class=\"elementor-widget-container\">\n\t\t\t\t\t<p class=\"elementor-heading-title elementor-size-default\">Scegli una delle opzioni che pi\u00f9 corrisponde alle tue esigenze. In questo modo dovrai solamente pagare il servizio che ti serve.<\/p>\t\t\t\t<\/div>\n\t\t\t\t<\/div>\n\t\t\t\t<section class=\"elementor-section elementor-inner-section elementor-element elementor-element-e19fe43 elementor-section-boxed elementor-section-height-default elementor-section-height-default\" data-id=\"e19fe43\" data-element_type=\"section\">\n\t\t\t\t\t\t<div class=\"elementor-container elementor-column-gap-default\">\n\t\t\t\t\t<div class=\"elementor-column elementor-col-100 elementor-inner-column elementor-element elementor-element-7b96ed6\" data-id=\"7b96ed6\" data-element_type=\"column\">\n\t\t\t<div class=\"elementor-widget-wrap elementor-element-populated\">\n\t\t\t\t\t\t<div class=\"elementor-element elementor-element-e037432 elementor-widget elementor-widget-wpforms\" data-id=\"e037432\" data-element_type=\"widget\" id=\"price-form\" data-widget_type=\"wpforms.default\">\n\t\t\t\t<div class=\"elementor-widget-container\">\n\t\t\t\t\t<div class=\"wpforms-container wpforms-container-full\" id=\"wpforms-623\"><form id=\"wpforms-form-623\" class=\"wpforms-validate wpforms-form wpforms-ajax-form\" data-formid=\"623\" method=\"post\" enctype=\"multipart\/form-data\" action=\"\/it\/wp-json\/wp\/v2\/pages\/31\" data-token=\"571e11dbdc58a43a2d2afdcfda636700\" data-trp-original-action=\"\/it\/wp-json\/wp\/v2\/pages\/31\"><noscript class=\"wpforms-error-noscript\">Abilita JavaScript nel browser per completare questo modulo.<\/noscript><div class=\"wpforms-field-container\"><div id=\"wpforms-623-field_1-container\" class=\"wpforms-field wpforms-field-checkbox price_form_checkbox wpforms-list-2-columns\" data-field-id=\"1\"><label class=\"wpforms-field-label\" for=\"wpforms-623-field_1\">Vuoi implementare la tua soluzione di OnDoc o hai bisogno di una soluzione su misura per la tua azienda? <span class=\"wpforms-required-label\">*<\/span><\/label><ul id=\"wpforms-623-field_1\" class=\"wpforms-field-required\"><li class=\"choice-1 depth-1\"><input type=\"checkbox\" id=\"wpforms-623-field_1_1\" name=\"wpforms[fields][1][]\" value=\"OnDoc\" required><label class=\"wpforms-field-label-inline\" for=\"wpforms-623-field_1_1\">OnDoc<\/label><\/li><li class=\"choice-2 depth-1\"><input type=\"checkbox\" id=\"wpforms-623-field_1_2\" name=\"wpforms[fields][1][]\" value=\"Massgeschneiderte L\u00f6sung\" required><label class=\"wpforms-field-label-inline\" for=\"wpforms-623-field_1_2\">Soluzione su misura<\/label><\/li><\/ul><\/div><div id=\"wpforms-623-field_2-container\" class=\"wpforms-field wpforms-field-number\" data-field-id=\"2\"><label class=\"wpforms-field-label\" for=\"wpforms-623-field_2\">Per quante macchine utilizzerai OnDoc? <span class=\"wpforms-required-label\">*<\/span><\/label><input type=\"number\" pattern=\"\\d*\" id=\"wpforms-623-field_2\" class=\"wpforms-field-small wpforms-field-required\" name=\"wpforms[fields][2]\" placeholder=\"0000\" required><\/div><div id=\"wpforms-623-field_3-container\" class=\"wpforms-field wpforms-field-select price-dropdown wpforms-field-select-style-classic\" data-field-id=\"3\"><label class=\"wpforms-field-label\" for=\"wpforms-623-field_3\">Quanti utenti utilizzeranno OnDoc? <span class=\"wpforms-required-label\">*<\/span><\/label><select id=\"wpforms-623-field_3\" class=\"wpforms-field-small wpforms-field-required\" name=\"wpforms[fields][3]\" required=\"required\"><option value=\"\" class=\"placeholder\" disabled selected='selected'>Scegli<\/option><option value=\"bis zu 10\" >Fino a 10<\/option><option value=\"10 - 50\" >10 - 50<\/option><option value=\"50 - 200\" >50 - 200<\/option><\/select><\/div><div id=\"wpforms-623-field_4-container\" class=\"wpforms-field wpforms-field-textarea\" data-field-id=\"4\"><label class=\"wpforms-field-label\" for=\"wpforms-623-field_4\">Altri commenti<\/label><textarea id=\"wpforms-623-field_4\" class=\"wpforms-field-large\" name=\"wpforms[fields][4]\" placeholder=\"Hai altre informazioni o domande che riguardano l\u2019offerta richiesta?\" ><\/textarea><\/div><div id=\"wpforms-623-field_5-container\" class=\"wpforms-field wpforms-field-text wpforms-one-half wpforms-first\" data-field-id=\"5\"><label class=\"wpforms-field-label\" for=\"wpforms-623-field_5\">Nome dell\u2019azienda <span class=\"wpforms-required-label\">*<\/span><\/label><input type=\"text\" id=\"wpforms-623-field_5\" class=\"wpforms-field-large wpforms-field-required\" name=\"wpforms[fields][5]\" placeholder=\"Nome dell\u2019azienda\" required><\/div><div id=\"wpforms-623-field_6-container\" class=\"wpforms-field wpforms-field-text wpforms-one-half\" data-field-id=\"6\"><label class=\"wpforms-field-label\" for=\"wpforms-623-field_6\">Nome completo <span class=\"wpforms-required-label\">*<\/span><\/label><input type=\"text\" id=\"wpforms-623-field_6\" class=\"wpforms-field-large wpforms-field-required\" name=\"wpforms[fields][6]\" placeholder=\"Nome completo\" required><\/div><div id=\"wpforms-623-field_7-container\" class=\"wpforms-field wpforms-field-text wpforms-one-half wpforms-first\" data-field-id=\"7\"><label class=\"wpforms-field-label\" for=\"wpforms-623-field_7\">Indirizzo <span class=\"wpforms-required-label\">*<\/span><\/label><input type=\"text\" id=\"wpforms-623-field_7\" class=\"wpforms-field-large wpforms-field-required\" name=\"wpforms[fields][7]\" placeholder=\"Indirizzo\" required><\/div><div id=\"wpforms-623-field_8-container\" class=\"wpforms-field wpforms-field-text wpforms-one-half\" data-field-id=\"8\"><label class=\"wpforms-field-label\" for=\"wpforms-623-field_8\">Codice postale \/ Citt\u00e0 <span class=\"wpforms-required-label\">*<\/span><\/label><input type=\"text\" id=\"wpforms-623-field_8\" class=\"wpforms-field-large wpforms-field-required\" name=\"wpforms[fields][8]\" placeholder=\"Codice postale \/ Citt\u00e0\" required><\/div><div id=\"wpforms-623-field_9-container\" class=\"wpforms-field wpforms-field-phone wpforms-one-half wpforms-first\" data-field-id=\"9\"><label class=\"wpforms-field-label\" for=\"wpforms-623-field_9\">Numero di telefono <span class=\"wpforms-required-label\">*<\/span><\/label><input type=\"tel\" id=\"wpforms-623-field_9\" class=\"wpforms-field-large wpforms-field-required wpforms-smart-phone-field\" data-rule-smart-phone-field=\"true\" name=\"wpforms[fields][9]\" required><\/div><div id=\"wpforms-623-field_10-container\" class=\"wpforms-field wpforms-field-email wpforms-one-half\" data-field-id=\"10\"><label class=\"wpforms-field-label\" for=\"wpforms-623-field_10\">E-mail <span class=\"wpforms-required-label\">*<\/span><\/label><input type=\"email\" id=\"wpforms-623-field_10\" class=\"wpforms-field-large wpforms-field-required\" name=\"wpforms[fields][10]\" placeholder=\"E-mail\" required><\/div><\/div><div class=\"wpforms-submit-container\"><input type=\"hidden\" name=\"wpforms[id]\" value=\"623\"><input type=\"hidden\" name=\"wpforms[author]\" value=\"1\">\t\t<div id=\"cf-turnstile-wpf-3051972688\"\r\n\t\tclass=\"cf-turnstile\" \t\tdata-sitekey=\"0x4AAAAAABktDKblOvCO0CX0\"\r\n\t\tdata-theme=\"light\"\r\n\t\tdata-language=\"auto\"\r\n\t\tdata-size=\"normal\"\r\n\t\tdata-retry=\"auto\" data-retry-interval=\"1000\"\r\n\t\tdata-action=\"wpforms-623\"\r\n\t\t\t\tdata-appearance=\"always\"><\/div>\r\n\t\t\t<script>document.addEventListener(\"DOMContentLoaded\", function() { setTimeout(function(){ var e=document.getElementById(\"cf-turnstile-wpf-3051972688\"); e&&!e.innerHTML.trim()&&(turnstile.remove(\"#cf-turnstile-wpf-3051972688\"), turnstile.render(\"#cf-turnstile-wpf-3051972688\", {sitekey:\"0x4AAAAAABktDKblOvCO0CX0\"})); }, 0); });<\/script>\r\n\t\t\t<br class=\"cf-turnstile-br cf-turnstile-br-wpf-3051972688\">\r\n\t\t\t\t<style>#cf-turnstile-wpf-3051972688 { margin-left: -15px; }<\/style>\r\n\t\t<button type=\"submit\" name=\"wpforms[submit]\" id=\"wpforms-submit-623\" class=\"wpforms-submit submit-btn\" data-alt-text=\"Senden\u2026\" data-submit-text=\"Absenden\" aria-live=\"assertive\" value=\"wpforms-submit\">Invia messaggio<\/button><img decoding=\"async\" src=\"https:\/\/ondoc.ch\/wp-content\/plugins\/wpforms\/assets\/images\/submit-spin.svg\" class=\"wpforms-submit-spinner\" style=\"display: none;\" width=\"26\" height=\"26\" alt=\"\"><\/div><input type=\"hidden\" name=\"trp-form-language\" value=\"it\"\/><\/form><\/div>  <!-- .wpforms-container -->\t\t\t\t<\/div>\n\t\t\t\t<\/div>\n\t\t\t\t\t<\/div>\n\t\t<\/div>\n\t\t\t\t\t<\/div>\n\t\t<\/section>\n\t\t\t\t\t<\/div>\n\t\t<\/div>\n\t\t\t\t\t<\/div>\n\t\t<\/section>\n\t\t\t\t<\/div>","protected":false},"excerpt":{"rendered":"<p>Angebot anfordern W\u00e4hlen Sie die Optionen aus, die Ihren Bed\u00fcrfnissen am besten entsprechen. Auf diese Weise zahlen Sie nur f\u00fcr den Service, den Sie wirklich ben\u00f6tigen.<\/p>","protected":false},"author":1,"featured_media":0,"parent":0,"menu_order":0,"comment_status":"closed","ping_status":"closed","template":"","meta":{"_acf_changed":false,"footnotes":""},"class_list":["post-31","page","type-page","status-publish","hentry"],"acf":[],"yoast_head":"<!-- This site is optimized with the Yoast SEO plugin v25.5 - https:\/\/yoast.com\/wordpress\/plugins\/seo\/ -->\n<title>Preise - OnDoc<\/title>\n<meta name=\"robots\" content=\"index, follow, max-snippet:-1, max-image-preview:large, max-video-preview:-1\" \/>\n<link rel=\"canonical\" href=\"https:\/\/ondoc.ch\/it\/prezzi\/\" \/>\n<meta property=\"og:locale\" content=\"it_IT\" \/>\n<meta property=\"og:type\" content=\"article\" \/>\n<meta property=\"og:title\" content=\"Preise - OnDoc\" \/>\n<meta property=\"og:description\" content=\"Angebot anfordern W\u00e4hlen Sie die Optionen aus, die Ihren Bed\u00fcrfnissen am besten entsprechen. Auf diese Weise zahlen Sie nur f\u00fcr den Service, den Sie wirklich ben\u00f6tigen.\" \/>\n<meta property=\"og:url\" content=\"https:\/\/ondoc.ch\/it\/prezzi\/\" \/>\n<meta property=\"og:site_name\" content=\"OnDoc\" \/>\n<meta property=\"article:publisher\" content=\"https:\/\/www.facebook.com\/OnDoc-112176595044850\" \/>\n<meta property=\"article:modified_time\" content=\"2025-07-18T05:59:52+00:00\" \/>\n<meta name=\"twitter:card\" content=\"summary_large_image\" \/>\n<script type=\"application\/ld+json\" class=\"yoast-schema-graph\">{\"@context\":\"https:\/\/schema.org\",\"@graph\":[{\"@type\":\"WebPage\",\"@id\":\"https:\/\/ondoc.ch\/prices\/\",\"url\":\"https:\/\/ondoc.ch\/prices\/\",\"name\":\"Preise - OnDoc\",\"isPartOf\":{\"@id\":\"https:\/\/ondoc.ch\/#website\"},\"datePublished\":\"2022-11-23T10:30:50+00:00\",\"dateModified\":\"2025-07-18T05:59:52+00:00\",\"breadcrumb\":{\"@id\":\"https:\/\/ondoc.ch\/prices\/#breadcrumb\"},\"inLanguage\":\"it-IT\",\"potentialAction\":[{\"@type\":\"ReadAction\",\"target\":[\"https:\/\/ondoc.ch\/prices\/\"]}]},{\"@type\":\"BreadcrumbList\",\"@id\":\"https:\/\/ondoc.ch\/prices\/#breadcrumb\",\"itemListElement\":[{\"@type\":\"ListItem\",\"position\":1,\"name\":\"Home\",\"item\":\"https:\/\/ondoc.ch\/\"},{\"@type\":\"ListItem\",\"position\":2,\"name\":\"Preise\"}]},{\"@type\":\"WebSite\",\"@id\":\"https:\/\/ondoc.ch\/#website\",\"url\":\"https:\/\/ondoc.ch\/\",\"name\":\"OnDoc\",\"description\":\"\",\"publisher\":{\"@id\":\"https:\/\/ondoc.ch\/#organization\"},\"potentialAction\":[{\"@type\":\"SearchAction\",\"target\":{\"@type\":\"EntryPoint\",\"urlTemplate\":\"https:\/\/ondoc.ch\/?s={search_term_string}\"},\"query-input\":{\"@type\":\"PropertyValueSpecification\",\"valueRequired\":true,\"valueName\":\"search_term_string\"}}],\"inLanguage\":\"it-IT\"},{\"@type\":\"Organization\",\"@id\":\"https:\/\/ondoc.ch\/#organization\",\"name\":\"OnDoc\",\"url\":\"https:\/\/ondoc.ch\/\",\"logo\":{\"@type\":\"ImageObject\",\"inLanguage\":\"it-IT\",\"@id\":\"https:\/\/ondoc.ch\/#\/schema\/logo\/image\/\",\"url\":\"https:\/\/ondoc.ch\/wp-content\/uploads\/2022\/11\/Group-1.png\",\"contentUrl\":\"https:\/\/ondoc.ch\/wp-content\/uploads\/2022\/11\/Group-1.png\",\"width\":188,\"height\":56,\"caption\":\"OnDoc\"},\"image\":{\"@id\":\"https:\/\/ondoc.ch\/#\/schema\/logo\/image\/\"},\"sameAs\":[\"https:\/\/www.facebook.com\/OnDoc-112176595044850\",\"https:\/\/www.linkedin.com\/company\/89650617\/\",\"https:\/\/www.instagram.com\/ondoc.ch\/\"]}]}<\/script>\n<!-- \/ Yoast SEO plugin. -->","yoast_head_json":{"title":"Preise - OnDoc","robots":{"index":"index","follow":"follow","max-snippet":"max-snippet:-1","max-image-preview":"max-image-preview:large","max-video-preview":"max-video-preview:-1"},"canonical":"https:\/\/ondoc.ch\/it\/prezzi\/","og_locale":"it_IT","og_type":"article","og_title":"Preise - OnDoc","og_description":"Angebot anfordern W\u00e4hlen Sie die Optionen aus, die Ihren Bed\u00fcrfnissen am besten entsprechen. Auf diese Weise zahlen Sie nur f\u00fcr den Service, den Sie wirklich ben\u00f6tigen.","og_url":"https:\/\/ondoc.ch\/it\/prezzi\/","og_site_name":"OnDoc","article_publisher":"https:\/\/www.facebook.com\/OnDoc-112176595044850","article_modified_time":"2025-07-18T05:59:52+00:00","twitter_card":"summary_large_image","schema":{"@context":"https:\/\/schema.org","@graph":[{"@type":"WebPage","@id":"https:\/\/ondoc.ch\/prices\/","url":"https:\/\/ondoc.ch\/prices\/","name":"Preise - OnDoc","isPartOf":{"@id":"https:\/\/ondoc.ch\/#website"},"datePublished":"2022-11-23T10:30:50+00:00","dateModified":"2025-07-18T05:59:52+00:00","breadcrumb":{"@id":"https:\/\/ondoc.ch\/prices\/#breadcrumb"},"inLanguage":"it-IT","potentialAction":[{"@type":"ReadAction","target":["https:\/\/ondoc.ch\/prices\/"]}]},{"@type":"BreadcrumbList","@id":"https:\/\/ondoc.ch\/prices\/#breadcrumb","itemListElement":[{"@type":"ListItem","position":1,"name":"Home","item":"https:\/\/ondoc.ch\/"},{"@type":"ListItem","position":2,"name":"Preise"}]},{"@type":"WebSite","@id":"https:\/\/ondoc.ch\/#website","url":"https:\/\/ondoc.ch\/","name":"OnDoc","description":"","publisher":{"@id":"https:\/\/ondoc.ch\/#organization"},"potentialAction":[{"@type":"SearchAction","target":{"@type":"EntryPoint","urlTemplate":"https:\/\/ondoc.ch\/?s={search_term_string}"},"query-input":{"@type":"PropertyValueSpecification","valueRequired":true,"valueName":"search_term_string"}}],"inLanguage":"it-IT"},{"@type":"Organization","@id":"https:\/\/ondoc.ch\/#organization","name":"OnDoc","url":"https:\/\/ondoc.ch\/","logo":{"@type":"ImageObject","inLanguage":"it-IT","@id":"https:\/\/ondoc.ch\/#\/schema\/logo\/image\/","url":"https:\/\/ondoc.ch\/wp-content\/uploads\/2022\/11\/Group-1.png","contentUrl":"https:\/\/ondoc.ch\/wp-content\/uploads\/2022\/11\/Group-1.png","width":188,"height":56,"caption":"OnDoc"},"image":{"@id":"https:\/\/ondoc.ch\/#\/schema\/logo\/image\/"},"sameAs":["https:\/\/www.facebook.com\/OnDoc-112176595044850","https:\/\/www.linkedin.com\/company\/89650617\/","https:\/\/www.instagram.com\/ondoc.ch\/"]}]}},"_links":{"self":[{"href":"https:\/\/ondoc.ch\/it\/wp-json\/wp\/v2\/pages\/31","targetHints":{"allow":["GET"]}}],"collection":[{"href":"https:\/\/ondoc.ch\/it\/wp-json\/wp\/v2\/pages"}],"about":[{"href":"https:\/\/ondoc.ch\/it\/wp-json\/wp\/v2\/types\/page"}],"author":[{"embeddable":true,"href":"https:\/\/ondoc.ch\/it\/wp-json\/wp\/v2\/users\/1"}],"replies":[{"embeddable":true,"href":"https:\/\/ondoc.ch\/it\/wp-json\/wp\/v2\/comments?post=31"}],"version-history":[{"count":23,"href":"https:\/\/ondoc.ch\/it\/wp-json\/wp\/v2\/pages\/31\/revisions"}],"predecessor-version":[{"id":1828,"href":"https:\/\/ondoc.ch\/it\/wp-json\/wp\/v2\/pages\/31\/revisions\/1828"}],"wp:attachment":[{"href":"https:\/\/ondoc.ch\/it\/wp-json\/wp\/v2\/media?parent=31"}],"curies":[{"name":"wp","href":"https:\/\/api.w.org\/{rel}","templated":true}]}}